{"id":44,"date":"2019-09-25T09:22:47","date_gmt":"2019-09-25T13:22:47","guid":{"rendered":"http:\/\/cerm.uqac.ca\/arim-eau\/?page_id=44"},"modified":"2021-07-15T11:22:54","modified_gmt":"2021-07-15T15:22:54","slug":"nous-joindre","status":"publish","type":"page","link":"https:\/\/cerm.uqac.ca\/arimeau\/nous-joindre\/","title":{"rendered":"Nous joindre"},"content":{"rendered":"<h1>\u00c9quipe ARIM&rsquo;eau<\/h1>\n<h4>CERM-UQAC<\/h4>\n<p><a href=\"http:\/\/www.uqac.ca\/portfolio\/julienwalter\/\">Julien Walter, Professeur-Chercheur<\/a><\/p>\n<p><a href=\"https:\/\/repertoire.uqac.ca\/Fiche.aspx?id=KyQtMD4MUQ01\">Alain Rouleau, Professeur \u00e9m\u00e9rite<\/a><\/p>\n<p><a href=\"http:\/\/www.uqac.ca\/portfolio\/romainchesnaux\/\">Romain Chesnaux, Professeur-Chercheur<\/a><\/p>\n<p><a href=\"http:\/\/www.uqac.ca\/portfolio\/realdaigneault\/\">R\u00e9al Daigneault, Professeur-Chercheur<\/a><\/p>\n<p><a href=\"https:\/\/cerm-temp.uqac.ca\/melanielambert\/\">M\u00e9lanie Lambert, Professionnelle de recherche<\/a><\/p>\n<p><a href=\"https:\/\/cerm-temp.uqac.ca\/anouckferroud\/\">Anouck Ferroud, Professionelle de recherche<\/a><\/p>\n","protected":false},"excerpt":{"rendered":"<p>\u00c9quipe ARIM&rsquo;eau CERM-UQAC Julien Walter, Professeur-Chercheur Alain Rouleau, Professeur \u00e9m\u00e9rite Romain Chesnaux, Professeur-Chercheur R\u00e9al Daigneault, Professeur-Chercheur M\u00e9lanie Lambert, Professionnelle de recherche Anouck Ferroud, Professionelle de recherche<\/p>\n","protected":false},"author":4,"featured_media":0,"parent":0,"menu_order":0,"comment_status":"closed","ping_status":"closed","template":"","meta":{"footnotes":""},"_links":{"self":[{"href":"https:\/\/cerm.uqac.ca\/arimeau\/wp-json\/wp\/v2\/pages\/44"}],"collection":[{"href":"https:\/\/cerm.uqac.ca\/arimeau\/wp-json\/wp\/v2\/pages"}],"about":[{"href":"https:\/\/cerm.uqac.ca\/arimeau\/wp-json\/wp\/v2\/types\/page"}],"author":[{"embeddable":true,"href":"https:\/\/cerm.uqac.ca\/arimeau\/wp-json\/wp\/v2\/users\/4"}],"replies":[{"embeddable":true,"href":"https:\/\/cerm.uqac.ca\/arimeau\/wp-json\/wp\/v2\/comments?post=44"}],"version-history":[{"count":9,"href":"https:\/\/cerm.uqac.ca\/arimeau\/wp-json\/wp\/v2\/pages\/44\/revisions"}],"predecessor-version":[{"id":165,"href":"https:\/\/cerm.uqac.ca\/arimeau\/wp-json\/wp\/v2\/pages\/44\/revisions\/165"}],"wp:attachment":[{"href":"https:\/\/cerm.uqac.ca\/arimeau\/wp-json\/wp\/v2\/media?parent=44"}],"curies":[{"name":"wp","href":"https:\/\/api.w.org\/{rel}","templated":true}]}}