{"id":7,"date":"2019-09-23T11:26:12","date_gmt":"2019-09-23T15:26:12","guid":{"rendered":"http:\/\/cerm.uqac.ca\/gabarit\/?page_id=7"},"modified":"2021-01-28T14:43:09","modified_gmt":"2021-01-28T19:43:09","slug":"accueil","status":"publish","type":"page","link":"https:\/\/cerm.uqac.ca\/arimeau\/","title":{"rendered":"Accueil"},"content":{"rendered":"<p><img loading=\"lazy\" decoding=\"async\" class=\"alignnone size-full wp-image-48\" src=\"https:\/\/cerm-temp.uqac.ca\/arim-eau\/wp-content\/uploads\/sites\/7\/2021\/01\/Logo_Arim_eau-02.jpg\" alt=\"\" width=\"256\" height=\"133\" \/><\/p>\n<p>Le <span style=\"color: #000000;\"><strong>projet ARIM\u2019eau<\/strong> <\/span>fait suite au Programme d\u2019Acquisition de Connaissances sur les Eaux Souterraines qui\u00a0a \u00e9t\u00e9 r\u00e9alis\u00e9 au Saguenay-Lac-Saint-Jean (PACES-SLSJ) entre 2009 et 2013.<\/p>\n<p>Le comit\u00e9 ARIM\u2019eau a \u00e9t\u00e9 mis en place en <strong>2017<\/strong> et sa mission principale vise l\u2019interaction entre les\u00a0chercheurs de l\u2019Universit\u00e9 du Qu\u00e9bec \u00e0 Chicoutimi (UQAC) et les intervenants du milieu dans le cadre de la\u00a0protection et la mise en valeur des eaux souterraines au Saguenay-Lac-Saint-Jean (SLSJ).<\/p>\n<p>Les membres<span style=\"color: #000000;\"> de la <strong>structure organisationnelle<\/strong> du comit\u00e9 ARIM\u2019eau sont les suivants :<\/span><\/p>\n<ul>\n<li><span style=\"color: #000000;\">Les cinq (5) municipalit\u00e9s r\u00e9gionales de comt\u00e9 (MRC) du SLSJ (partenaires financiers);<\/span><\/li>\n<li><span style=\"color: #000000;\">La Premi\u00e8re Nation des Pekuakamiulnuatsh (partenaires financiers);<\/span><\/li>\n<li><span style=\"color: #000000;\">Les deux (2) organismes de bassins versants (OBV) du SLSJ (observateurs);<\/span><\/li>\n<li><span style=\"color: #000000;\">Les experts sur les eaux souterraines du Centre d\u2019\u00e9tudes sur les ressources naturelles (CERM) de l\u2019Universit\u00e9 du Qu\u00e9bec \u00e0 Chicoutimi (UQAC) (prestataires de services);<\/span><\/li>\n<\/ul>\n<p><span style=\"color: #000000;\">Le projet ARIM\u2019eau est articul\u00e9 autour de <strong>quatre (4) grands axes<\/strong> :<\/span><\/p>\n<ul>\n<li><span style=\"color: #000000;\">Accompagnement et interaction avec les intervenants du milieu dans les probl\u00e9matiques\u00a0li\u00e9es aux eaux souterraines;<\/span><\/li>\n<li>Recherche appliqu\u00e9e sur les eaux souterraines;<\/li>\n<li>Implantation et transfert des r\u00e9sultats issus du PACES-SLSJ;<\/li>\n<li>Mise \u00e0 jour de la base de donn\u00e9es g\u00e9ospatiale PACES-SLSJ en int\u00e9grant de la nouvelle donn\u00e9e.<\/li>\n<\/ul>\n","protected":false},"excerpt":{"rendered":"<p>Le projet ARIM\u2019eau fait suite au Programme d\u2019Acquisition de Connaissances sur les Eaux Souterraines qui\u00a0a \u00e9t\u00e9 r\u00e9alis\u00e9 au Saguenay-Lac-Saint-Jean (PACES-SLSJ) entre 2009 et 2013. Le comit\u00e9 ARIM\u2019eau a \u00e9t\u00e9 mis en place en 2017 et sa mission principale vise l\u2019interaction entre les\u00a0chercheurs de l\u2019Universit\u00e9 du Qu\u00e9bec \u00e0 Chicoutimi (UQAC) et les intervenants du milieu dans &hellip; <a href=\"https:\/\/cerm.uqac.ca\/arimeau\/\" class=\"more-link\">Continuer la lecture de <span class=\"screen-reader-text\">Accueil<\/span>  <span class=\"meta-nav\">&rarr;<\/span><\/a><\/p>\n","protected":false},"author":10,"featured_media":0,"parent":0,"menu_order":0,"comment_status":"closed","ping_status":"closed","template":"","meta":{"footnotes":""},"_links":{"self":[{"href":"https:\/\/cerm.uqac.ca\/arimeau\/wp-json\/wp\/v2\/pages\/7"}],"collection":[{"href":"https:\/\/cerm.uqac.ca\/arimeau\/wp-json\/wp\/v2\/pages"}],"about":[{"href":"https:\/\/cerm.uqac.ca\/arimeau\/wp-json\/wp\/v2\/types\/page"}],"author":[{"embeddable":true,"href":"https:\/\/cerm.uqac.ca\/arimeau\/wp-json\/wp\/v2\/users\/10"}],"replies":[{"embeddable":true,"href":"https:\/\/cerm.uqac.ca\/arimeau\/wp-json\/wp\/v2\/comments?post=7"}],"version-history":[{"count":11,"href":"https:\/\/cerm.uqac.ca\/arimeau\/wp-json\/wp\/v2\/pages\/7\/revisions"}],"predecessor-version":[{"id":95,"href":"https:\/\/cerm.uqac.ca\/arimeau\/wp-json\/wp\/v2\/pages\/7\/revisions\/95"}],"wp:attachment":[{"href":"https:\/\/cerm.uqac.ca\/arimeau\/wp-json\/wp\/v2\/media?parent=7"}],"curies":[{"name":"wp","href":"https:\/\/api.w.org\/{rel}","templated":true}]}}