{"id":70,"date":"2021-01-28T13:27:11","date_gmt":"2021-01-28T18:27:11","guid":{"rendered":"http:\/\/cerm.uqac.ca\/arimeau\/?page_id=70"},"modified":"2021-07-14T15:19:42","modified_gmt":"2021-07-14T19:19:42","slug":"atlas","status":"publish","type":"page","link":"https:\/\/cerm.uqac.ca\/arimeau\/atlas\/","title":{"rendered":"Atlas"},"content":{"rendered":"<p><strong>Articles<\/strong><\/p>\n<p><a href=\"https:\/\/www.uqac.ca\/blog\/2021\/06\/16\/le-cerm-produit-six-atlas-sur-les-eaux-souterraines-du-saguenay-lac-saint-jean\/\">Article de l&rsquo;UQACtualit\u00e9 pr\u00e9sentant les atlas<\/a><\/p>\n<p>&nbsp;<\/p>\n<p><strong>Atlas \u00e0 t\u00e9l\u00e9charger<\/strong><\/p>\n<p>Cliquez sur les liens suivants pour t\u00e9l\u00e9charger l&rsquo;atlas en format PDF.<\/p>\n<p><a href=\"https:\/\/constellation.uqac.ca\/7612\/1\/%5BWeb%5D%20Atlas%20LSJE.pdf\">MRC de Lac-Saint-Jean-Est<\/a><\/p>\n<p><a href=\"https:\/\/constellation.uqac.ca\/7618\/1\/%5BWeb%5DAtlas%20Maria-Chapdelaine.pdf\">MRC de\u00a0 Maria-Chapdelaine<\/a><\/p>\n<p><a href=\"https:\/\/constellation.uqac.ca\/7615\/1\/%5BWeb%5DAtlas%20Domaine-du-Roy.pdf\">MRC du Domaine-du-Roy<\/a><\/p>\n<p><a href=\"https:\/\/constellation.uqac.ca\/7617\/1\/%5BWeb%5DAtlas%20Fjord-du-Saguenay.pdf\">MRC du Fjord-du-Saguenay<\/a><\/p>\n<p><a href=\"https:\/\/constellation.uqac.ca\/7614\/1\/%5BWeb%5D%20Atlas%20Ville%20de%20Saguenay.pdf\">Ville de Saguenay<\/a><\/p>\n<p><a href=\"https:\/\/constellation.uqac.ca\/7613\/1\/%5BWeb%5D%20Atlas%20Mashteuiatsh.pdf\">Communaut\u00e9 de Mashteuiatsh<\/a><\/p>\n","protected":false},"excerpt":{"rendered":"<p>Articles Article de l&rsquo;UQACtualit\u00e9 pr\u00e9sentant les atlas &nbsp; Atlas \u00e0 t\u00e9l\u00e9charger Cliquez sur les liens suivants pour t\u00e9l\u00e9charger l&rsquo;atlas en format PDF. MRC de Lac-Saint-Jean-Est MRC de\u00a0 Maria-Chapdelaine MRC du Domaine-du-Roy MRC du Fjord-du-Saguenay Ville de Saguenay Communaut\u00e9 de Mashteuiatsh<\/p>\n","protected":false},"author":4,"featured_media":0,"parent":0,"menu_order":0,"comment_status":"closed","ping_status":"closed","template":"","meta":{"footnotes":""},"_links":{"self":[{"href":"https:\/\/cerm.uqac.ca\/arimeau\/wp-json\/wp\/v2\/pages\/70"}],"collection":[{"href":"https:\/\/cerm.uqac.ca\/arimeau\/wp-json\/wp\/v2\/pages"}],"about":[{"href":"https:\/\/cerm.uqac.ca\/arimeau\/wp-json\/wp\/v2\/types\/page"}],"author":[{"embeddable":true,"href":"https:\/\/cerm.uqac.ca\/arimeau\/wp-json\/wp\/v2\/users\/4"}],"replies":[{"embeddable":true,"href":"https:\/\/cerm.uqac.ca\/arimeau\/wp-json\/wp\/v2\/comments?post=70"}],"version-history":[{"count":8,"href":"https:\/\/cerm.uqac.ca\/arimeau\/wp-json\/wp\/v2\/pages\/70\/revisions"}],"predecessor-version":[{"id":149,"href":"https:\/\/cerm.uqac.ca\/arimeau\/wp-json\/wp\/v2\/pages\/70\/revisions\/149"}],"wp:attachment":[{"href":"https:\/\/cerm.uqac.ca\/arimeau\/wp-json\/wp\/v2\/media?parent=70"}],"curies":[{"name":"wp","href":"https:\/\/api.w.org\/{rel}","templated":true}]}}