{"id":39,"date":"2020-02-25T22:48:47","date_gmt":"2020-02-26T03:48:47","guid":{"rendered":"http:\/\/cerm.uqac.ca\/morganegigoux\/?page_id=39"},"modified":"2020-05-11T17:51:35","modified_gmt":"2020-05-11T21:51:35","slug":"publication","status":"publish","type":"page","link":"https:\/\/cerm.uqac.ca\/morganegigoux\/publication\/","title":{"rendered":"Publication"},"content":{"rendered":"<h5><strong><em>Peer-Reviews<\/em><\/strong><\/h5>\n<p><strong>. Gigoux M,<\/strong> Delpech G, Guerrot C, Pagel M, Aug\u00e9 T, N\u00e9grel P, Brigaud B, 2015a. Evidence for an Early Cretaceous mineralizing event above the basement\/sediment unconformity in the intracratonic Paris Basin: paragenetic sequence and Sm-Nd dating of the world-class Pierre-Perthuis stratabound fluorite deposit. <em>Mineralium Deposita<\/em>, 50: 455-463.<\/p>\n<p>. <strong>Gigoux M<\/strong>, Brigaud B, Pagel M, Delpech G, Guerrot C, Aug\u00e9 T, N\u00e9grel P, 2015b<em>. <\/em>Genetic constraints on world-class carbonate- and siliciclastic-hosted stratabound fluorite deposits in Burgundy (France) inferred from mineral paragenetic sequence and fluid inclusion studies. <em>Ore Geology Reviews<\/em>, 72:940-962.<\/p>\n<p>.<strong> Gigoux M<\/strong>, N\u00e9grel P , Guerrot C, Brigaud B, Delpech G, Pagel M, Aug\u00e9 T, 2015c<em>.<\/em> \u03b4<sup>44<\/sup>Ca ratio in stratabound fluorite deposits in Burgundy (France): tracing fluid origin and\/or fractionation processes. <em>Procedia Earth and Planetary Science<\/em>, 13, 129-133.<\/p>\n<h5><strong><em>Rapports<\/em><\/strong><\/h5>\n<p>. Pellenard P, <strong>Gigoux M,<\/strong> Regnet JB, Durlet C, Puc\u00e9at E, Sizun JP, 2012. Caract\u00e9ristiques des propri\u00e9t\u00e9s p\u00e9trophysiques, min\u00e9ralogiques et g\u00e9ochimiques des calcaires du Kimm\u00e9ridgien-Tithonien (calcaires du Barrois) de la ZIRA. Restricted document from ANDRA.<\/p>\n<p>. <strong>Gigoux M<\/strong>, Vers un nouveau mod\u00e8le d&rsquo;exploration \u00e0 la Baie-James: les granito\u00efdes aurif\u00e8res. Rapport Consorem 2017-03.<\/p>\n<h5><em><strong>Th\u00e9se et m\u00e9moire<\/strong><\/em><\/h5>\n<p><em>Origine des min\u00e9ralisations de fluorine de la bordure sud-est du Bassin de Paris (2015). PhD thesis, Universit\u00e9 Paris-Sud (Orsay, France), 348 p.<\/em><\/p>\n<p><em>Enregistrement des variations climatiques au cours du Jurassique sup\u00e9rieur \u00e0 partir de\u00a0<\/em><em>donn\u00e9es min\u00e9ralogiques et g\u00e9ochimiques dans l\u2019est du Bassin de Paris (2011). Master 2, Universit\u00e9 de Bourgogne (France).<\/em><\/p>\n<p><em>Pal\u00e9o-reconstitution de la temp\u00e9rature de l\u2019eau de mer au Tithonien dans le Boulonnais (France), \u00e0 partir des valeurs du \u03b4<sup>18<\/sup>O de dents de poissons (2010). Master 1, Universit\u00e9 de Bourgogne, (France).<\/em><\/p>\n<h5><strong><em>Conf\u00e9rences<\/em><\/strong><\/h5>\n<p><strong>Gigoux M.<\/strong> (2020). Typologie des intrusions felsiques \u00e0 interm\u00e9diaires pour l&rsquo;exploration, Projet CONSOREM 2018-02 (phase 1).\u00a0<em>18<sup>\u00e8me<\/sup>\u00a0forum technologique du CONSOREM-AEMQ<\/em>, en visioconf\u00e9rence (Montr\u00e9al), Canada<\/p>\n<p><strong>Gigoux M. (<\/strong>2019).\u00a0Typologie des intrusions felsiques \u00e0 interm\u00e9diaires pour l&rsquo;exploration <strong>,<\/strong>\u00a0Projet CONSOREM 2018-02 (phase 1), Atelier CONSOREM,\u00a0<em>40<sup>\u00e8me<\/sup>\u00a0Congr\u00e8s Qu\u00e9bec Mines + Energie,\u00a0<\/em>18 \u2013 21 nov., Qu\u00e9bec, Canada<\/p>\n<p><strong>Gigoux M. (<\/strong>2019).\u00a0Nouvelles approches lithog\u00e9ochimiques pour tracer le m\u00e9tamorphisme \u00e0 diff\u00e9rentes \u00e9chelles<strong>,<\/strong>\u00a0Projet CONSOREM 2018-08, Atelier CONSOREM,\u00a0<em>40<sup>\u00e8me<\/sup>\u00a0Congr\u00e8s Qu\u00e9bec Mines + Energie,\u00a0<\/em>18 \u2013 21 nov., Qu\u00e9bec, Canada<\/p>\n<p><strong>Gigoux M. (<\/strong>2019).<em> Vers un nouveau mod\u00e8le d&rsquo;exploration \u00e0 la Baie-James: les granito\u00efdes\u00a0aurif\u00e8res,<\/em>\u00a0Affiche au\u00a0<em>40<sup>\u00e8me<\/sup>\u00a0Congr\u00e8s Qu\u00e9bec Mines + Energie,\u00a0<\/em>18 \u2013 21 nov., Qu\u00e9bec , Canada<\/p>\n<p><strong>Gigoux M.<\/strong>\u00a0(2019).<em>\u00a0Vers un nouveau mod\u00e8le d&rsquo;exploration \u00e0 la Baie-James: les granito\u00efdes\u00a0aurif\u00e8res, 17<sup>\u00e8me<\/sup>\u00a0forum technologique du CONSOREM-DIVEX<\/em>, Val d\u2019Or (Qu\u00e9bec), Canada<\/p>\n<p><strong>Gigoux M.<\/strong>, Brigaud B., Delpech G., Pagel M., Guerrot C., Aug\u00e9 T., Negrel P. (2013). Stratiform fluorite deposits in south-eastern part of the Paris basin (Morvan): paragenetic sequence, trace elements and Sr-Nd isotopes. Proceedings of the 12th Biennial SGA Meeting, 12-15 August 2013, Uppsala, Sweden, Vol 2, ISBN 978-91-7403-207-9, 620-623.<\/p>\n<p><strong>Gigoux M<\/strong>., Brigaud B., Delpech G., Pagel M., Aug\u00e9 T., Guerrot C., Rad S. (2013). Les gisements stratiformes de fluorine de la bordure sud-est du bassin de Paris (Morvan) : paragen\u00e8ses, \u00e9l\u00e9ments traces et isotopes Sr-Nd. 14\u00e8me Congr\u00e8s Fran\u00e7ais de S\u00e9dimentologie, Paris \u2013 Livre des r\u00e9sum\u00e9s, Publ. ASF n\u00b073, p.168.<\/p>\n<p><strong>Gigoux M<\/strong>., Brigaud B., Delpech G., Pagel M., Guerrot C., Aug\u00e9 T.,\u00a0 Negrel, P. (2014). Origine et \u00e2ge des min\u00e9ralisations de fluorine de la bordure sud-est du bassin de Paris (Morvan, France). Colloque AGBP 12-14 novembre, Paris.<\/p>\n","protected":false},"excerpt":{"rendered":"<p>Peer-Reviews . Gigoux M, Delpech G, Guerrot C, Pagel M, Aug\u00e9 T, N\u00e9grel P, Brigaud B, 2015a. Evidence for an Early Cretaceous mineralizing event above the basement\/sediment unconformity in the intracratonic Paris Basin: paragenetic sequence and Sm-Nd dating of the world-class Pierre-Perthuis stratabound fluorite deposit. Mineralium Deposita, 50: 455-463. . Gigoux M, Brigaud B, Pagel &hellip; <a href=\"https:\/\/cerm.uqac.ca\/morganegigoux\/publication\/\" class=\"more-link\">Continuer la lecture de <span class=\"screen-reader-text\">Publication<\/span>  <span class=\"meta-nav\">&rarr;<\/span><\/a><\/p>\n","protected":false},"author":4,"featured_media":0,"parent":0,"menu_order":0,"comment_status":"closed","ping_status":"closed","template":"","meta":{"footnotes":""},"_links":{"self":[{"href":"https:\/\/cerm.uqac.ca\/morganegigoux\/wp-json\/wp\/v2\/pages\/39"}],"collection":[{"href":"https:\/\/cerm.uqac.ca\/morganegigoux\/wp-json\/wp\/v2\/pages"}],"about":[{"href":"https:\/\/cerm.uqac.ca\/morganegigoux\/wp-json\/wp\/v2\/types\/page"}],"author":[{"embeddable":true,"href":"https:\/\/cerm.uqac.ca\/morganegigoux\/wp-json\/wp\/v2\/users\/4"}],"replies":[{"embeddable":true,"href":"https:\/\/cerm.uqac.ca\/morganegigoux\/wp-json\/wp\/v2\/comments?post=39"}],"version-history":[{"count":7,"href":"https:\/\/cerm.uqac.ca\/morganegigoux\/wp-json\/wp\/v2\/pages\/39\/revisions"}],"predecessor-version":[{"id":85,"href":"https:\/\/cerm.uqac.ca\/morganegigoux\/wp-json\/wp\/v2\/pages\/39\/revisions\/85"}],"wp:attachment":[{"href":"https:\/\/cerm.uqac.ca\/morganegigoux\/wp-json\/wp\/v2\/media?parent=39"}],"curies":[{"name":"wp","href":"https:\/\/api.w.org\/{rel}","templated":true}]}}