{"id":7,"date":"2020-02-25T22:14:58","date_gmt":"2020-02-26T03:14:58","guid":{"rendered":"http:\/\/cerm.uqac.ca\/gabarit\/?page_id=7"},"modified":"2020-05-11T16:41:40","modified_gmt":"2020-05-11T20:41:40","slug":"accueil","status":"publish","type":"page","link":"https:\/\/cerm.uqac.ca\/morganegigoux\/","title":{"rendered":"Pr\u00e9sentation"},"content":{"rendered":"<h1>Morgane Gigoux PhD<\/h1>\n<p>Chercheure CONSOREM<\/p>\n<p>D\u00e9partement des Sciences de la Terre et de l&rsquo;Atmosph\u00e8re (UQAM)<\/p>\n<p>D\u00e9partement des Sciences Appliqu\u00e9es (UQAC)<\/p>\n<h5><em><strong>Int\u00e9r\u00eat de recherche<\/strong><\/em><\/h5>\n<ul>\n<li>Exploration min\u00e9rale<\/li>\n<li>M\u00e9tallog\u00e9nie<\/li>\n<li>Diagen\u00e8se<\/li>\n<li>G\u00e9ochimie<\/li>\n<\/ul>\n<h5><strong><em>Groupe de recherche<\/em><\/strong><\/h5>\n<p>Consortium de recherche en exploration min\u00e9rale (CONSOREM)<\/p>\n","protected":false},"excerpt":{"rendered":"<p>Morgane Gigoux PhD Chercheure CONSOREM D\u00e9partement des Sciences de la Terre et de l&rsquo;Atmosph\u00e8re (UQAM) D\u00e9partement des Sciences Appliqu\u00e9es (UQAC) Int\u00e9r\u00eat de recherche Exploration min\u00e9rale M\u00e9tallog\u00e9nie Diagen\u00e8se G\u00e9ochimie Groupe de recherche Consortium de recherche en exploration min\u00e9rale (CONSOREM)<\/p>\n","protected":false},"author":14,"featured_media":0,"parent":0,"menu_order":0,"comment_status":"closed","ping_status":"closed","template":"","meta":{"footnotes":""},"_links":{"self":[{"href":"https:\/\/cerm.uqac.ca\/morganegigoux\/wp-json\/wp\/v2\/pages\/7"}],"collection":[{"href":"https:\/\/cerm.uqac.ca\/morganegigoux\/wp-json\/wp\/v2\/pages"}],"about":[{"href":"https:\/\/cerm.uqac.ca\/morganegigoux\/wp-json\/wp\/v2\/types\/page"}],"author":[{"embeddable":true,"href":"https:\/\/cerm.uqac.ca\/morganegigoux\/wp-json\/wp\/v2\/users\/14"}],"replies":[{"embeddable":true,"href":"https:\/\/cerm.uqac.ca\/morganegigoux\/wp-json\/wp\/v2\/comments?post=7"}],"version-history":[{"count":6,"href":"https:\/\/cerm.uqac.ca\/morganegigoux\/wp-json\/wp\/v2\/pages\/7\/revisions"}],"predecessor-version":[{"id":75,"href":"https:\/\/cerm.uqac.ca\/morganegigoux\/wp-json\/wp\/v2\/pages\/7\/revisions\/75"}],"wp:attachment":[{"href":"https:\/\/cerm.uqac.ca\/morganegigoux\/wp-json\/wp\/v2\/media?parent=7"}],"curies":[{"name":"wp","href":"https:\/\/api.w.org\/{rel}","templated":true}]}}