{"id":46,"date":"2022-06-10T11:01:03","date_gmt":"2022-06-10T15:01:03","guid":{"rendered":"https:\/\/cerm.uqac.ca\/paces\/?page_id=46"},"modified":"2022-12-21T15:04:06","modified_gmt":"2022-12-21T20:04:06","slug":"lanaudiere-mauricie-est-moyenne-cote-nord","status":"publish","type":"page","link":"https:\/\/cerm.uqac.ca\/paces\/lanaudiere-mauricie-est-moyenne-cote-nord\/","title":{"rendered":"Lanaudi\u00e8re &#8211; Mauricie-Est &#8211; Moyenne-C\u00f4te-Nord (PACES-LAMEMCN)"},"content":{"rendered":"<p><img loading=\"lazy\" decoding=\"async\" class=\"alignnone size-medium wp-image-70\" src=\"https:\/\/cerm-temp.uqac.ca\/paces\/wp-content\/uploads\/sites\/5\/2022\/08\/Logo_Paces_lamemcn_officiel-300x128.jpg\" alt=\"\" width=\"300\" height=\"128\" srcset=\"https:\/\/cerm.uqac.ca\/paces\/wp-content\/uploads\/sites\/5\/2022\/08\/Logo_Paces_lamemcn_officiel-300x128.jpg 300w, https:\/\/cerm.uqac.ca\/paces\/wp-content\/uploads\/sites\/5\/2022\/08\/Logo_Paces_lamemcn_officiel-768x329.jpg 768w, https:\/\/cerm.uqac.ca\/paces\/wp-content\/uploads\/sites\/5\/2022\/08\/Logo_Paces_lamemcn_officiel.jpg 794w\" sizes=\"(max-width: 300px) 100vw, 300px\" \/><\/p>\n<p><strong>PACES-LAMEMCN<\/strong><\/p>\n<p>De 2018 \u00e0 2022, l\u2019\u00e9quipe du CERM de l\u2019UQAC a r\u00e9alis\u00e9\u00a0 un projet d\u2019acquisition de connaissances sur les eaux souterraines des territoires de Lanaudi\u00e8re, Mauricie-Est et de la Moyenne-C\u00f4te-Nord (PACES-LAMEMCN), g\u00e9r\u00e9 par le minist\u00e8re provincial de l\u2019Environnement et de la Lutte contre les changements climatiques (MELCC).<\/p>\n<p>Le PACES-LAMEMCN s&rsquo;est d\u00e9roul\u00e9 en trois phases d\u2019un an chacune dont la premi\u00e8re consistait \u00e0 compiler l\u2019information existante \u00e0 l\u2019int\u00e9rieur d\u2019une base de donn\u00e9es g\u00e9ospatiales, la seconde a permis d\u2019acqu\u00e9rir de nouvelles donn\u00e9es par la r\u00e9alisation de lev\u00e9s de terrain et la troisi\u00e8me phase consistait en l\u2019analyse de l\u2019ensemble des donn\u00e9es disponibles.<\/p>\n<p>&nbsp;<\/p>\n<hr \/>\n<hr \/>\n<p><span style=\"color: #000000;\"><strong>SECTION LANAUDI\u00c8RE<\/strong><\/span><\/p>\n<p>Le CERM de l\u2019UQAC a r\u00e9alis\u00e9 la premi\u00e8re caract\u00e9risation r\u00e9gionale des aquif\u00e8res et des eaux souterraines du territoire municipalis\u00e9 de la r\u00e9gion de Lanaudi\u00e8re.<\/p>\n<p>Le territoire \u00e0 l&rsquo;\u00e9tude occupe une superficie d\u2019environ 5 962 km2.<\/p>\n<h6><a href=\"https:\/\/constellation.uqac.ca\/id\/eprint\/8530\/2\/LA_Atlas_RapportSynth%C3%A8se_VF5.pdf\">Rapport synth\u00e8se (atlas)<\/a><\/h6>\n<p><a href=\"https:\/\/constellation.uqac.ca\/id\/eprint\/8530\/2\/LA_Atlas_RapportSynth%C3%A8se_VF5.pdf\"><img loading=\"lazy\" decoding=\"async\" class=\"alignnone wp-image-83 size-medium\" src=\"https:\/\/cerm-temp.uqac.ca\/paces\/wp-content\/uploads\/sites\/5\/2022\/12\/Page_couverture_Atlas_LA-300x195.jpg\" alt=\"Atlas des connaissance sur les eaux souterraines de Lanaudi\u00e8re\" width=\"300\" height=\"195\" srcset=\"https:\/\/cerm.uqac.ca\/paces\/wp-content\/uploads\/sites\/5\/2022\/12\/Page_couverture_Atlas_LA-300x195.jpg 300w, https:\/\/cerm.uqac.ca\/paces\/wp-content\/uploads\/sites\/5\/2022\/12\/Page_couverture_Atlas_LA-768x499.jpg 768w, https:\/\/cerm.uqac.ca\/paces\/wp-content\/uploads\/sites\/5\/2022\/12\/Page_couverture_Atlas_LA-1024x665.jpg 1024w\" sizes=\"(max-width: 300px) 100vw, 300px\" \/><\/a><\/p>\n<h6><a href=\"https:\/\/constellation.uqac.ca\/id\/eprint\/8530\/1\/LA_Rapport_Scientifique_VF5.pdf\">Rapport scientifique<\/a><\/h6>\n<p><a href=\"https:\/\/constellation.uqac.ca\/id\/eprint\/8530\/1\/LA_Rapport_Scientifique_VF5.pdf\"><img loading=\"lazy\" decoding=\"async\" class=\"alignnone wp-image-85 size-medium\" src=\"https:\/\/cerm-temp.uqac.ca\/paces\/wp-content\/uploads\/sites\/5\/2022\/12\/Page_couverture_Rapport_Scientifique_LA-232x300.jpg\" alt=\"R\u00e9sultats du projet d'acquisition de connaissances sur les eaux souterraines du territoire municipalis\u00e9 de Lanaudi\u00e8re\" width=\"232\" height=\"300\" srcset=\"https:\/\/cerm.uqac.ca\/paces\/wp-content\/uploads\/sites\/5\/2022\/12\/Page_couverture_Rapport_Scientifique_LA-232x300.jpg 232w, https:\/\/cerm.uqac.ca\/paces\/wp-content\/uploads\/sites\/5\/2022\/12\/Page_couverture_Rapport_Scientifique_LA-768x994.jpg 768w, https:\/\/cerm.uqac.ca\/paces\/wp-content\/uploads\/sites\/5\/2022\/12\/Page_couverture_Rapport_Scientifique_LA-791x1024.jpg 791w, https:\/\/cerm.uqac.ca\/paces\/wp-content\/uploads\/sites\/5\/2022\/12\/Page_couverture_Rapport_Scientifique_LA.jpg 1700w\" sizes=\"(max-width: 232px) 100vw, 232px\" \/><\/a><\/p>\n<h6><a href=\"https:\/\/constellation.uqac.ca\/8530\/16\/LA_CARTES.zip\">Cartes grand format<\/a><\/h6>\n<h6><a href=\"https:\/\/constellation.uqac.ca\/8530\/15\/LA_14_COUPES_STRATIGRAPHIQUES.zip\"><span style=\"color: #008000;\"><strong>Coupes stratigraphiques<\/strong><\/span><\/a><\/h6>\n<h6><a href=\"https:\/\/www.donneesquebec.ca\/recherche\/dataset\/projets-d-acquisition-de-connaissances-sur-les-eaux-souterraines-paces\"><span style=\"color: #008000;\"><strong>Base de donn\u00e9es num\u00e9riques publique (Donn\u00e9es Qu\u00e9bec) (disponible sous peu)<\/strong><\/span><\/a><\/h6>\n<p>&nbsp;<\/p>\n<hr \/>\n<hr \/>\n<p><span style=\"color: #000000;\"><strong>SECTION MAURICIE-EST<\/strong><\/span><\/p>\n<p>Le CERM de l\u2019UQAC a r\u00e9alis\u00e9 la premi\u00e8re caract\u00e9risation r\u00e9gionale des aquif\u00e8res et des eaux souterraines du territoire municipalis\u00e9 de l&rsquo;est de la Mauricie.<\/p>\n<p>Le territoire \u00e0 l&rsquo;\u00e9tude occupe une superficie d\u2019environ 5 883 km2.<\/p>\n<h6><a href=\"https:\/\/constellation.uqac.ca\/id\/eprint\/8531\/2\/ME_Atlas_RapportSynth%C3%A8se_VF5.pdf\"><strong>Rapport synth\u00e8se (atlas)<\/strong><\/a><\/h6>\n<p><a href=\"https:\/\/constellation.uqac.ca\/id\/eprint\/8531\/2\/ME_Atlas_RapportSynth%C3%A8se_VF5.pdf\"><img loading=\"lazy\" decoding=\"async\" class=\"alignnone wp-image-88 size-medium\" src=\"https:\/\/cerm-temp.uqac.ca\/paces\/wp-content\/uploads\/sites\/5\/2022\/12\/Page_couverture_Atlas_ME-300x195.jpg\" alt=\"\" width=\"300\" height=\"195\" srcset=\"https:\/\/cerm.uqac.ca\/paces\/wp-content\/uploads\/sites\/5\/2022\/12\/Page_couverture_Atlas_ME-300x195.jpg 300w, https:\/\/cerm.uqac.ca\/paces\/wp-content\/uploads\/sites\/5\/2022\/12\/Page_couverture_Atlas_ME-768x499.jpg 768w, https:\/\/cerm.uqac.ca\/paces\/wp-content\/uploads\/sites\/5\/2022\/12\/Page_couverture_Atlas_ME-1024x665.jpg 1024w\" sizes=\"(max-width: 300px) 100vw, 300px\" \/><\/a><\/p>\n<h6><a href=\"https:\/\/constellation.uqac.ca\/id\/eprint\/8531\/1\/ME_Rapport_Scientifique_VF5.pdf\">Rapport scientifique<\/a><\/h6>\n<p><a href=\"https:\/\/constellation.uqac.ca\/id\/eprint\/8531\/1\/ME_Rapport_Scientifique_VF5.pdf\"><img loading=\"lazy\" decoding=\"async\" class=\"alignnone wp-image-87 size-medium\" src=\"https:\/\/cerm-temp.uqac.ca\/paces\/wp-content\/uploads\/sites\/5\/2022\/12\/Page_couverture_Rapport_Scientifique_ME-232x300.jpg\" alt=\"\" width=\"232\" height=\"300\" srcset=\"https:\/\/cerm.uqac.ca\/paces\/wp-content\/uploads\/sites\/5\/2022\/12\/Page_couverture_Rapport_Scientifique_ME-232x300.jpg 232w, https:\/\/cerm.uqac.ca\/paces\/wp-content\/uploads\/sites\/5\/2022\/12\/Page_couverture_Rapport_Scientifique_ME-768x994.jpg 768w, https:\/\/cerm.uqac.ca\/paces\/wp-content\/uploads\/sites\/5\/2022\/12\/Page_couverture_Rapport_Scientifique_ME-791x1024.jpg 791w, https:\/\/cerm.uqac.ca\/paces\/wp-content\/uploads\/sites\/5\/2022\/12\/Page_couverture_Rapport_Scientifique_ME.jpg 1700w\" sizes=\"(max-width: 232px) 100vw, 232px\" \/><\/a><\/p>\n<h6><a href=\"https:\/\/constellation.uqac.ca\/8531\/15\/ME_CARTES.zip\">Cartes grand format<\/a><\/h6>\n<h6><a href=\"https:\/\/constellation.uqac.ca\/8531\/14\/ME_14-COUPES_STRATIGRAPHIQUES.zip\"><span style=\"color: #008000;\"><strong>Coupes stratigraphiques<\/strong><\/span><\/a><\/h6>\n<h6><a href=\"https:\/\/www.donneesquebec.ca\/recherche\/dataset\/projets-d-acquisition-de-connaissances-sur-les-eaux-souterraines-paces\"><span style=\"color: #008000;\"><strong>Base de donn\u00e9es num\u00e9riques publique (Donn\u00e9es Qu\u00e9bec) (disponible sous peu)<\/strong><\/span><\/a><\/h6>\n<p>&nbsp;<\/p>\n<hr \/>\n<hr \/>\n<p><span style=\"color: #000000;\"><strong>SECTION MOYENNE-C\u00d4TE-NORD (projet pilote)<\/strong><\/span><\/p>\n<p>Le CERM de l&rsquo;UQAC a r\u00e9alis\u00e9 un projet pilote de caract\u00e9risation des aquif\u00e8res et des eaux souterraines sur le territoire de la Moyenne-C\u00f4te-Nord.<\/p>\n<p>Le territoire \u00e0 l&rsquo;\u00e9tude occupe une superficie d\u2019environ 10 728 km2.<\/p>\n<h6><a href=\"https:\/\/constellation.uqac.ca\/id\/eprint\/8547\/1\/MCN_Rapport_synth%C3%A8se_VF5.pdf\"><span style=\"color: #008000;\"><strong>Rapport synth\u00e8se<\/strong><\/span><\/a><\/h6>\n","protected":false},"excerpt":{"rendered":"<p>PACES-LAMEMCN De 2018 \u00e0 2022, l\u2019\u00e9quipe du CERM de l\u2019UQAC a r\u00e9alis\u00e9\u00a0 un projet d\u2019acquisition de connaissances sur les eaux souterraines des territoires de Lanaudi\u00e8re, Mauricie-Est et de la Moyenne-C\u00f4te-Nord (PACES-LAMEMCN), g\u00e9r\u00e9 par le minist\u00e8re provincial de l\u2019Environnement et de la Lutte contre les changements climatiques (MELCC). Le PACES-LAMEMCN s&rsquo;est d\u00e9roul\u00e9 en trois phases d\u2019un &hellip; <a href=\"https:\/\/cerm.uqac.ca\/paces\/lanaudiere-mauricie-est-moyenne-cote-nord\/\" class=\"more-link\">Continuer la lecture de <span class=\"screen-reader-text\">Lanaudi\u00e8re &#8211; Mauricie-Est &#8211; Moyenne-C\u00f4te-Nord (PACES-LAMEMCN)<\/span>  <span class=\"meta-nav\">&rarr;<\/span><\/a><\/p>\n","protected":false},"author":4,"featured_media":0,"parent":0,"menu_order":0,"comment_status":"closed","ping_status":"closed","template":"","meta":{"footnotes":""},"_links":{"self":[{"href":"https:\/\/cerm.uqac.ca\/paces\/wp-json\/wp\/v2\/pages\/46"}],"collection":[{"href":"https:\/\/cerm.uqac.ca\/paces\/wp-json\/wp\/v2\/pages"}],"about":[{"href":"https:\/\/cerm.uqac.ca\/paces\/wp-json\/wp\/v2\/types\/page"}],"author":[{"embeddable":true,"href":"https:\/\/cerm.uqac.ca\/paces\/wp-json\/wp\/v2\/users\/4"}],"replies":[{"embeddable":true,"href":"https:\/\/cerm.uqac.ca\/paces\/wp-json\/wp\/v2\/comments?post=46"}],"version-history":[{"count":39,"href":"https:\/\/cerm.uqac.ca\/paces\/wp-json\/wp\/v2\/pages\/46\/revisions"}],"predecessor-version":[{"id":276,"href":"https:\/\/cerm.uqac.ca\/paces\/wp-json\/wp\/v2\/pages\/46\/revisions\/276"}],"wp:attachment":[{"href":"https:\/\/cerm.uqac.ca\/paces\/wp-json\/wp\/v2\/media?parent=46"}],"curies":[{"name":"wp","href":"https:\/\/api.w.org\/{rel}","templated":true}]}}