{"id":221,"date":"2019-10-11T15:06:38","date_gmt":"2019-10-11T19:06:38","guid":{"rendered":"http:\/\/cerm.uqac.ca\/trcm\/?page_id=221"},"modified":"2026-01-21T15:36:48","modified_gmt":"2026-01-21T20:36:48","slug":"mission-et-vision","status":"publish","type":"page","link":"https:\/\/cerm.uqac.ca\/trcm\/mission-et-vision\/","title":{"rendered":"Mission"},"content":{"rendered":"<h1><\/h1>\n<hr \/>\n<p><span data-teams=\"true\">La Table r\u00e9gionale de concertation mini\u00e8re (TRCM) pour la r\u00e9gion du Saguenay-Lac-Saint-Jean (SLSJ) a pour objectif de doter la r\u00e9gion d\u2019une strat\u00e9gie de d\u00e9veloppement min\u00e9ral responsable par des actions de soutien aux acteurs r\u00e9gionaux, de valorisation du potentiel min\u00e9ral et d\u2019acquisition de connaissances.<\/span><\/p>\n<p style=\"text-align: justify\">\n","protected":false},"excerpt":{"rendered":"<p>La Table r\u00e9gionale de concertation mini\u00e8re (TRCM) pour la r\u00e9gion du Saguenay-Lac-Saint-Jean (SLSJ) a pour objectif de doter la r\u00e9gion d\u2019une strat\u00e9gie de d\u00e9veloppement min\u00e9ral responsable par des actions de soutien aux acteurs r\u00e9gionaux, de valorisation du potentiel min\u00e9ral et d\u2019acquisition de connaissances.<\/p>\n","protected":false},"author":8,"featured_media":430,"parent":0,"menu_order":0,"comment_status":"closed","ping_status":"closed","template":"","meta":{"footnotes":""},"_links":{"self":[{"href":"https:\/\/cerm.uqac.ca\/trcm\/wp-json\/wp\/v2\/pages\/221"}],"collection":[{"href":"https:\/\/cerm.uqac.ca\/trcm\/wp-json\/wp\/v2\/pages"}],"about":[{"href":"https:\/\/cerm.uqac.ca\/trcm\/wp-json\/wp\/v2\/types\/page"}],"author":[{"embeddable":true,"href":"https:\/\/cerm.uqac.ca\/trcm\/wp-json\/wp\/v2\/users\/8"}],"replies":[{"embeddable":true,"href":"https:\/\/cerm.uqac.ca\/trcm\/wp-json\/wp\/v2\/comments?post=221"}],"version-history":[{"count":16,"href":"https:\/\/cerm.uqac.ca\/trcm\/wp-json\/wp\/v2\/pages\/221\/revisions"}],"predecessor-version":[{"id":939,"href":"https:\/\/cerm.uqac.ca\/trcm\/wp-json\/wp\/v2\/pages\/221\/revisions\/939"}],"wp:featuredmedia":[{"embeddable":true,"href":"https:\/\/cerm.uqac.ca\/trcm\/wp-json\/wp\/v2\/media\/430"}],"wp:attachment":[{"href":"https:\/\/cerm.uqac.ca\/trcm\/wp-json\/wp\/v2\/media?parent=221"}],"curies":[{"name":"wp","href":"https:\/\/api.w.org\/{rel}","templated":true}]}}