{"id":27,"date":"2019-09-19T12:29:04","date_gmt":"2019-09-19T16:29:04","guid":{"rendered":"http:\/\/cerm.uqac.ca\/trcm\/?page_id=27"},"modified":"2026-03-31T15:27:52","modified_gmt":"2026-03-31T19:27:52","slug":"activites","status":"publish","type":"page","link":"https:\/\/cerm.uqac.ca\/trcm\/activites\/","title":{"rendered":"Activit\u00e9s"},"content":{"rendered":"<h1>2026<\/h1>\n<h1 style=\"text-align: justify\"><strong><a href=\"https:\/\/cerm.uqac.ca\/trcm\/wp-content\/uploads\/sites\/4\/2026\/03\/Forum-minier-2026-programmation-finale.pdf\">FORUM MINIER R\u00c9GIONAL : 24 MARS\u00a0<\/a><\/strong><\/h1>\n<div style=\"text-align: justify\">Le 24 mars dernier, la quatorzi\u00e8me \u00e9dition du forum minier r\u00e9gional a r\u00e9uni \u00e0 l&rsquo;UQAC plusieurs intervenants du d\u00e9veloppement min\u00e9ral r\u00e9gional. Vous pouvez revisionnez les interventions de nos pr\u00e9sentateurs en cliquant sur les liens suivants :<\/a><\/li>\n<div style=\"text-align: justify\">\n.\n<\/ul>\n<p><strong>Session AM: Le Corridor du Nord et projets de d\u00e9veloppement r\u00e9gionaux<\/strong><\/p>\n<ul>\n<li><a href=\"https:\/\/uqac.ca.panopto.com\/Panopto\/Pages\/Viewer.aspx?id=af5889d5-cb41-4af2-8ecc-b41e01351126\">Louis Ouellet &#8211; Pr\u00e9sentation du Corridor du Nord canadien<\/a><\/li>\n<li><a href=\"https:\/\/uqac.ca.panopto.com\/Panopto\/Pages\/Viewer.aspx?id=76a87e7d-f213-47d0-8878-b41e0135119b\">St\u00e9phanie Desforges &#8211; Port de Saguenay : levier de d\u00e9veloppement pour la fili\u00e8re des min\u00e9raux critiques et strat\u00e9giques<\/a><\/li>\n<li><a href=\"https:\/\/uqac.ca.panopto.com\/Panopto\/Pages\/Viewer.aspx?id=e1e692c7-5701-434f-83c9-b41d0131bdcd\">Jean-Pierre Colin et Sean Cleary &#8211; Phase 1 du Projet BlackRock : Transformer le concentr\u00e9 de fer qu\u00e9b\u00e9cois ici \u00e0 Saguenay\u00a0<\/a><\/li>\n<li><a href=\"https:\/\/uqac.ca.panopto.com\/Panopto\/Pages\/Viewer.aspx?id=95b99f62-25ab-412f-9f89-b41e01351170\">Jean-Philippe Brosseau et David Dufour &#8211; Pr\u00e9sentation de l&rsquo;\u00e9tude des retomb\u00e9es \u00e9conomiques de la fili\u00e8re phosphate de First Phosphate au SLSJ<\/a><\/li>\n<\/ul>\n<p><strong>Session AM: Aires prot\u00e9g\u00e9es et vision du d\u00e9veloppement territorial<\/strong><\/p>\n<ul>\n<li><a href=\"https:\/\/uqac.ca.panopto.com\/Panopto\/Pages\/Viewer.aspx?id=5e408ed8-82f3-45cf-9a26-b41d012e0bca\">Claude Pelletier &#8211; Objectif 30% d&rsquo;ici 2030<\/a><\/li>\n<li><a href=\"https:\/\/uqac.ca.panopto.com\/Panopto\/Pages\/Viewer.aspx?id=bba54251-229d-447e-b354-b41d012b8c1b\">Rosalie Champagne-C\u00f4t\u00e9 et Roxanne Roy &#8211; Essipiniunnu-Meshkanau, une terre prot\u00e9g\u00e9e au coeur d&rsquo;un d\u00e9veloppement \u00e9quilibr\u00e9 du Nitassinan<\/a><\/li>\n<li><a href=\"https:\/\/uqac.ca.panopto.com\/Panopto\/Pages\/Viewer.aspx?id=38a252df-9300-4a48-8e09-b41d012f2228\">David Cleary &#8211; Tshishpeuatakanu Ilnu-Assihtsh, aires prot\u00e9g\u00e9es Pekuakamiulnuatsh<\/a><\/li>\n<li><a href=\"https:\/\/uqac.ca.panopto.com\/Panopto\/Pages\/Viewer.aspx?id=b96f60cb-c942-47be-adeb-b41d01339ccb\">Josianne Pelosse &#8211; Guide du promoteur : Vers un d\u00e9veloppement harmonieux sur le territoire de la MRC du Fjord-du-Saguenay<\/a><\/li>\n<\/ul>\n<p><strong>Session PM: Projets actifs au Saguenay-Lac-Saint-Jean<\/strong><\/p>\n<ul>\n<li><a href=\"https:\/\/uqac.ca.panopto.com\/Panopto\/Pages\/Viewer.aspx?id=6824567d-0b4f-4e5f-921a-b41d012d1b63\">Ang\u00e9lique Longtin &#8211; Pr\u00e9sentation des activit\u00e9s de la TRCM<\/a><\/li>\n<li><a href=\"https:\/\/uqac.ca.panopto.com\/Panopto\/Pages\/Viewer.aspx?id=157acc4b-4acb-4ad4-a7fa-b41e0135114d\">Mika\u00ebl Block &#8211; D\u00e9couvertes et activit\u00e9s d&rsquo;exploration au Saguenay-Lac-Saint-Jean<\/a><\/li>\n<li><a href=\"https:\/\/uqac.ca.panopto.com\/Panopto\/Pages\/Viewer.aspx?id=f21f63ec-6bcb-45f5-9a55-b41d012b8c3a\">Nils Van Weelderen &#8211; Les carbonatites du SLSJ : la source du magma influence-t-elle le potentiel de min\u00e9ralisation en niobium?<\/a><\/li>\n<li><a href=\"https:\/\/uqac.ca.panopto.com\/Panopto\/Pages\/Viewer.aspx?id=50e58738-f8f3-4146-80dc-b41d01325fb0\">Jean-S\u00e9bastien David &#8211; Pr\u00e9sentation des r\u00e9sultats de travaux 2025 sur le projet Crevier<\/a><\/li>\n<li><a href=\"https:\/\/uqac.ca.panopto.com\/Panopto\/Pages\/Viewer.aspx?id=8414fa5b-2098-4fdb-9247-b41d012b8c5e\">Rapha\u00ebl Gaudreault &#8211; Arianne Phosphate : avancement des projets<\/a><\/li>\n<li><a href=\"https:\/\/uqac.ca.panopto.com\/Panopto\/Pages\/Viewer.aspx?id=fac4ef00-a464-4841-98c6-b41d012c542a\">Sarah Dare &#8211; Formation de min\u00e9ralisation en Fe-Ti-V-P dans la Province de Grenville<\/a><\/li>\n<li><a href=\"https:\/\/uqac.ca.panopto.com\/Panopto\/Pages\/Viewer.aspx?id=11918119-3cd6-4195-94ac-b41d01306a6a\">Guillaume Beaudoin &#8211; Niobec : 50 ans de production et perspectives futures<\/a><\/li>\n<\/ul>\n<\/div>\n<div><\/div>\n<div><img loading=\"lazy\" decoding=\"async\" class=\"alignnone wp-image-964\" src=\"https:\/\/cerm.uqac.ca\/trcm\/wp-content\/uploads\/sites\/4\/2026\/03\/Forum-minier-2026-programmation-finale-169x300.jpg\" alt=\"\" width=\"626\" height=\"1112\" srcset=\"https:\/\/cerm.uqac.ca\/trcm\/wp-content\/uploads\/sites\/4\/2026\/03\/Forum-minier-2026-programmation-finale-169x300.jpg 169w, https:\/\/cerm.uqac.ca\/trcm\/wp-content\/uploads\/sites\/4\/2026\/03\/Forum-minier-2026-programmation-finale-576x1024.jpg 576w, https:\/\/cerm.uqac.ca\/trcm\/wp-content\/uploads\/sites\/4\/2026\/03\/Forum-minier-2026-programmation-finale-768x1365.jpg 768w, https:\/\/cerm.uqac.ca\/trcm\/wp-content\/uploads\/sites\/4\/2026\/03\/Forum-minier-2026-programmation-finale-864x1536.jpg 864w, https:\/\/cerm.uqac.ca\/trcm\/wp-content\/uploads\/sites\/4\/2026\/03\/Forum-minier-2026-programmation-finale.jpg 1080w\" sizes=\"(max-width: 626px) 100vw, 626px\" \/><\/div>\n<h1>2025<\/h1>\n<h1><a href=\"https:\/\/cerm.uqac.ca\/trcm\/wp-content\/uploads\/sites\/4\/2025\/05\/Programme_Forum_minier_regional_2025.pdf\">FORUM MINIER R\u00c9GIONAL\u00a0 : 20 MARS<\/a><\/h1>\n<div style=\"text-align: justify\">Le 20 mars dernier, la treizi\u00e8me \u00e9dition du forum minier r\u00e9gional a r\u00e9uni, \u00e0 l&rsquo;Universit\u00e9 du Qu\u00e9bec \u00e0 Chicoutimi, divers intervenants du d\u00e9veloppement min\u00e9ral r\u00e9gional. Nouvelles d\u00e9couvertes de prospection, projets d&rsquo;exploration d&rsquo;actualit\u00e9, acceptabilit\u00e9 sociale et bonnes pratiques environnementales, sociales et de gouvernances&#8230; (re)-visionnez les interventions de nos pr\u00e9sentateurs via les liens ci-bas.<\/div>\n<p>&nbsp;<\/p>\n<p><strong>Session AM: Projets actifs au Saguenay-Lac-Saint-Jean<\/strong><\/p>\n<ul>\n<li><a href=\"https:\/\/uqac.ca.panopto.com\/Panopto\/Pages\/Viewer.aspx?id=ee105723-8991-4f4a-8f29-b2d700e75389\">Benoit Lafrance &#8211; Mot d&rsquo;ouverture et pr\u00e9sentation de la TRCM<\/a><\/li>\n<li><a href=\"https:\/\/uqac.ca.panopto.com\/Panopto\/Pages\/Viewer.aspx?id=09677283-0f75-48ab-810f-b2d700e7eed5\">Christian Tremblay &#8211; D\u00e9couvertes et activit\u00e9s d&rsquo;exploration au SLSJ<\/a><\/li>\n<li><a href=\"https:\/\/uqac.ca.panopto.com\/Panopto\/Pages\/Viewer.aspx?id=0c8419f1-ebe2-4488-b02a-b2d700e92b44\">Francis Talla Takam &#8211; R\u00e9sultats des r\u00e9cents projets de cartographie et travaux futurs du MRNF dans la r\u00e9gion du Saguenay-Lac-Saint-Jean\u00a0<\/a><\/li>\n<li><a href=\"https:\/\/uqac.ca.panopto.com\/Panopto\/Pages\/Viewer.aspx?id=8121773b-24e2-41fb-a98e-b2d70100f6a6\">Gabrielle Rochefort : <\/a><a href=\"https:\/\/uqac.ca.panopto.com\/Panopto\/Pages\/Viewer.aspx?id=f6fca1d4-75e4-449b-a0bb-b2d700ea573f\">Projet Cardinal : Mise \u00e0 jour et perspectives<\/a><\/li>\n<li><a href=\"https:\/\/uqac.ca.panopto.com\/Panopto\/Pages\/Viewer.aspx?id=f6fca1d4-75e4-449b-a0bb-b2d700ea573f\">Jean-S\u00e9bastien David &#8211; D\u00e9veloppement du projet Crevier et travaux d&rsquo;exploration au SLSJ<\/a><\/li>\n<li><a href=\"https:\/\/uqac.ca.panopto.com\/Panopto\/Pages\/Viewer.aspx?id=23fe9043-ff8e-442b-9e45-b2d700eb42c8\">David Dufour, Armand MacKenzie &#8211; Les enjeux de la transformation du phosphore au Qu\u00e9bec<\/a><\/li>\n<li><a href=\"https:\/\/uqac.ca.panopto.com\/Panopto\/Pages\/Viewer.aspx?id=39687164-3093-4e6d-9115-b2d700ecc586\">Ren\u00e9e-Luce Simard, Sarah Dare &#8211; Cartographie et exploration par g\u00e9ochimie min\u00e9rale par XRF portatif : exemples de la Suite anorthositique de Lac-Saint-Jean\u00a0<\/a><\/li>\n<\/ul>\n<p><strong>Session PM: Table ronde sur les modifications \u00e0 la loi sur les mines<\/strong><\/p>\n<ul>\n<li><a href=\"https:\/\/uqac.ca.panopto.com\/Panopto\/Pages\/Viewer.aspx?id=4d73be72-b411-4609-81e0-b2d700ee4133\">Pr\u00e9sentations et table ronde (animateur : Dominic V\u00e9zina, pr\u00e9sentateurs \/ pan\u00e9listes : Marie-H\u00e9l\u00e8ne Voyer, Alain Poirier)<\/a><\/li>\n<\/ul>\n<p><strong>Session PM: Nouvelles avenues en d\u00e9veloppement minier r\u00e9gional<\/strong><\/p>\n<ul>\n<li><a href=\"https:\/\/uqac.ca.panopto.com\/Panopto\/Pages\/Viewer.aspx?id=7160059a-c502-496f-81d9-b2d700e7734f\">Rapha\u00ebl Gaudreault, Salma Taktek &#8211; Potentiel d&rsquo;applications de l&rsquo;apatite d&rsquo;Arianne Phosphate pour l&rsquo;am\u00e9lioration de la croissance des plantes et la restauration des milieux humides<\/a><\/li>\n<li><a href=\"https:\/\/uqac.ca.panopto.com\/Panopto\/Pages\/Viewer.aspx?id=f6f5538b-04d5-4928-98dd-b2d700e772f6\">Marie-Louise Bouchard, Julie \u00c9lize Gu\u00e9rin &#8211; L&rsquo;innovation en industrie, le cas des sous-produits miniers?<\/a><\/li>\n<li><a href=\"https:\/\/uqac.ca.panopto.com\/Panopto\/Pages\/Viewer.aspx?id=ee5314f1-7f0b-4841-889f-b2d700e77316\">Julien Walter &#8211; Hydrog\u00e8ne g\u00e9og\u00e9nique : Potentiel, enjeux et perspectives<\/a><\/li>\n<\/ul>\n<p><img loading=\"lazy\" decoding=\"async\" class=\"alignnone wp-image-893 size-full\" src=\"https:\/\/cerm.uqac.ca\/trcm\/wp-content\/uploads\/sites\/4\/2025\/05\/Programme_Forum_minier_regional_2025-1-scaled.jpg\" alt=\"\" width=\"1539\" height=\"2560\" srcset=\"https:\/\/cerm.uqac.ca\/trcm\/wp-content\/uploads\/sites\/4\/2025\/05\/Programme_Forum_minier_regional_2025-1-scaled.jpg 1539w, https:\/\/cerm.uqac.ca\/trcm\/wp-content\/uploads\/sites\/4\/2025\/05\/Programme_Forum_minier_regional_2025-1-180x300.jpg 180w, https:\/\/cerm.uqac.ca\/trcm\/wp-content\/uploads\/sites\/4\/2025\/05\/Programme_Forum_minier_regional_2025-1-616x1024.jpg 616w, https:\/\/cerm.uqac.ca\/trcm\/wp-content\/uploads\/sites\/4\/2025\/05\/Programme_Forum_minier_regional_2025-1-768x1278.jpg 768w, https:\/\/cerm.uqac.ca\/trcm\/wp-content\/uploads\/sites\/4\/2025\/05\/Programme_Forum_minier_regional_2025-1-923x1536.jpg 923w, https:\/\/cerm.uqac.ca\/trcm\/wp-content\/uploads\/sites\/4\/2025\/05\/Programme_Forum_minier_regional_2025-1-1231x2048.jpg 1231w\" sizes=\"(max-width: 1539px) 100vw, 1539px\" \/><\/p>\n<h1>2024<\/h1>\n<h1><a href=\"https:\/\/cerm.uqac.ca\/trcm\/wp-content\/uploads\/sites\/4\/2024\/04\/Programme_Forum_minier_regional_2024_Final.jpg\">FORUM MINIER R\u00c9GIONAL 11 AVRIL<\/a><\/h1>\n<div style=\"text-align: justify\">Le 11 avril dernier, la douzi\u00e8me \u00e9dition du forum minier r\u00e9gional a r\u00e9uni, \u00e0 l&rsquo;Universit\u00e9 du Qu\u00e9bec \u00e0 Chicoutimi, divers intervenants du d\u00e9veloppement min\u00e9ral r\u00e9gional. Nouvelles d\u00e9couvertes de prospection, projets d&rsquo;exploration d&rsquo;actualit\u00e9, acceptabilit\u00e9 sociale et bonnes pratiques environnementales, sociales et de gouvernances&#8230; (re)-visionnez les interventions de nos pr\u00e9sentateurs via les liens ci-bas.<\/div>\n<h1><\/h1>\n<p><strong>Session AM: Activit\u00e9s de d\u00e9veloppement min\u00e9ral au Saguenay Lac-Saint-Jean<\/strong><\/p>\n<ul>\n<li><a href=\"https:\/\/uqac.ca.panopto.com\/Panopto\/Pages\/Viewer.aspx?id=0e672f72-f4b2-475d-a1ad-b17800e0752e\">Christian Tremblay &#8211; Les d\u00e9couvertes min\u00e9rales r\u00e9centes et l&rsquo;activit\u00e9 d&rsquo;exploration au SLSJ en 2023<\/a><\/li>\n<li><a href=\"https:\/\/uqac.ca.panopto.com\/Panopto\/Pages\/Viewer.aspx?id=dabc5778-44a8-4bf5-877b-b17800f08d1b\">Jean-S\u00e9bastien David &#8211; Mise \u00e0 jour des travaux d&rsquo;exploration de Niobay au nord de Girardville<\/a><\/li>\n<li><a href=\"https:\/\/uqac.ca.panopto.com\/Panopto\/Pages\/Viewer.aspx?id=fb5497f5-762a-4114-91e4-b17e00f874f0\">John Passalaqua &#8211; First Phosphate et la vall\u00e9e de la batterie LFP au Saguenay &#8211; Lac-Saint-Jean<\/a><\/li>\n<li><a href=\"https:\/\/uqac.ca.panopto.com\/Panopto\/Pages\/Viewer.aspx?id=b7668681-8cfa-4326-8654-b17800f127af\">Paul B\u00e9dard &#8211; La recherche \u00e0 l&rsquo;UQAC et ses implications pour l&rsquo;exploration<\/a><\/li>\n<li><a href=\"https:\/\/uqac.ca.panopto.com\/Panopto\/Pages\/Viewer.aspx?id=1a9088fc-45fd-429c-81d3-b17e00f874ff\">Francis Talla Takam &#8211; R\u00e9sultats des travaux de cartographie 2023 (MRNF)<\/a><\/li>\n<\/ul>\n<p><strong>Session PM: les bonnes pratiques ESG du secteur minier<\/strong><\/p>\n<ul>\n<li><a href=\"https:\/\/uqac.ca.panopto.com\/Panopto\/Pages\/Viewer.aspx?id=565da69f-a0ed-4247-8359-b17e00f874f0\">Benoit Lafrance &#8211; Le nouveau mandat 2023-2026 de la TRCM<\/a><\/li>\n<li><a href=\"https:\/\/uqac.ca.panopto.com\/Panopto\/Pages\/Viewer.aspx?id=596a3ae5-189a-4ddd-99fb-b17800efddf9\">Benoit Lafrance &#8211; Les bonnes pratiques ESG dans les phases pr\u00e9liminaires du d\u00e9veloppement min\u00e9ral<\/a><\/li>\n<li><a href=\"https:\/\/uqac.ca.panopto.com\/Panopto\/Pages\/Viewer.aspx?id=aedbf3fe-1b6b-4778-9345-b17800f0f8a4\">Joanie Caron &#8211; Certification UL ECOLOGO pour l&rsquo;exploration mini\u00e8re : les meilleurs pratiques du Qu\u00e9bec deviennent canadiennes<\/a><\/li>\n<li><a href=\"https:\/\/uqac.ca.panopto.com\/Panopto\/Pages\/Viewer.aspx?id=c6e7cadf-f7bd-4dde-a2ab-b17800effbf0\">Charles Gaumond &#8211; S\u00e9ance d&rsquo;information sur les autorisations pour travaux d&rsquo;exploration \u00e0 impacts<\/a><\/li>\n<li><a href=\"https:\/\/uqac.ca.panopto.com\/Panopto\/Pages\/Viewer.aspx?id=5de29810-6fa9-4f87-b540-b17e00f874f3\">Dominic V\u00e9zina &#8211; L&rsquo;acceptabilit\u00e9 sociale comme condition d&rsquo;autorisation au Qu\u00e9bec<\/a><\/li>\n<\/ul>\n<h1><img loading=\"lazy\" decoding=\"async\" class=\"wp-image-820 size-large aligncenter\" src=\"https:\/\/cerm.uqac.ca\/trcm\/wp-content\/uploads\/sites\/4\/2024\/04\/Programme_Forum_minier_regional_2024_Final-791x1024.jpg\" alt=\"\" width=\"474\" height=\"614\" srcset=\"https:\/\/cerm.uqac.ca\/trcm\/wp-content\/uploads\/sites\/4\/2024\/04\/Programme_Forum_minier_regional_2024_Final-791x1024.jpg 791w, https:\/\/cerm.uqac.ca\/trcm\/wp-content\/uploads\/sites\/4\/2024\/04\/Programme_Forum_minier_regional_2024_Final-232x300.jpg 232w, https:\/\/cerm.uqac.ca\/trcm\/wp-content\/uploads\/sites\/4\/2024\/04\/Programme_Forum_minier_regional_2024_Final-768x994.jpg 768w\" sizes=\"(max-width: 474px) 100vw, 474px\" \/><\/h1>\n<hr \/>\n<h1>2023<\/h1>\n<h1><a href=\"https:\/\/cerm.uqac.ca\/trcm\/wp-content\/uploads\/sites\/4\/2023\/03\/Programme_Forum_minier_regional_2023_8.14_30mars2023.pdf\" target=\"_blank\" rel=\"noopener\">FORUM MINIER R\u00c9GIONAL 02 &#8211; 5 avril<\/a><\/h1>\n<p>Le 5 avril dernier avait lieu la onzi\u00e8me \u00e9dition du forum minier r\u00e9gional \u00e0 l\u2019UQAC. Cet \u00e9v\u00e9nement annuel a pour objectif d\u2019informer les intervenants et intervenantes r\u00e9gionaux et le public des activit\u00e9s de d\u00e9veloppement min\u00e9ral au Saguenay-Lac-Saint-Jean. Ce forum propose des conf\u00e9rences et des ateliers participatifs conduits par des sp\u00e9cialistes des domaines g\u00e9oscientifique, \u00e9conomique et social. Ces activit\u00e9s contribuent \u00e0 cr\u00e9er un espace de discussion important pour les acteurs du d\u00e9veloppement min\u00e9ral de la r\u00e9gion et d\u2019ailleurs.<\/p>\n<p>Cette ann\u00e9e, l\u2019\u00e9v\u00e9nement a r\u00e9uni pr\u00e8s de\u00a0<strong>200<\/strong>\u00a0participants et participantes. Parmi ces personnes,<strong>\u00a045%<\/strong>\u00a0provenaient du Saguenay-Lac-Saint-Jean et\u00a0<strong>55%\u00a0<\/strong>de l\u2019ext\u00e9rieur, dont\u00a0<strong>6,5 %<\/strong>\u00a0du Mali, Maroc, Alg\u00e9rie, Burkina Faso, C\u00f4te-d\u2019Ivoire et Turquie.<\/p>\n<h5><a href=\"https:\/\/uqac.ca.panopto.com\/Panopto\/Pages\/Viewer.aspx?id=2fbbd97f-ec53-4a55-88d9-afe400e3e106\" target=\"_blank\" rel=\"noopener\"><b>Pour revoir le Forum minier r\u00e9gional, cliquez\u00a0ici<\/b><\/a><\/h5>\n<h5><a href=\"https:\/\/cerm.uqac.ca\/trcm\/wp-content\/uploads\/sites\/4\/2023\/03\/Programme_Forum_minier_regional_2023_8.14_30mars2023.pdf\" target=\"_blank\" rel=\"noopener\"><img loading=\"lazy\" decoding=\"async\" class=\"alignnone size-full wp-image-748\" src=\"https:\/\/cerm.uqac.ca\/trcm\/wp-content\/uploads\/sites\/4\/2023\/03\/Programme_Forum_minier_regional_2023_8.14_30mars23.jpg\" alt=\"\" width=\"2550\" height=\"4200\" srcset=\"https:\/\/cerm.uqac.ca\/trcm\/wp-content\/uploads\/sites\/4\/2023\/03\/Programme_Forum_minier_regional_2023_8.14_30mars23.jpg 2550w, https:\/\/cerm.uqac.ca\/trcm\/wp-content\/uploads\/sites\/4\/2023\/03\/Programme_Forum_minier_regional_2023_8.14_30mars23-182x300.jpg 182w, https:\/\/cerm.uqac.ca\/trcm\/wp-content\/uploads\/sites\/4\/2023\/03\/Programme_Forum_minier_regional_2023_8.14_30mars23-768x1265.jpg 768w, https:\/\/cerm.uqac.ca\/trcm\/wp-content\/uploads\/sites\/4\/2023\/03\/Programme_Forum_minier_regional_2023_8.14_30mars23-622x1024.jpg 622w\" sizes=\"(max-width: 2550px) 100vw, 2550px\" \/><\/a><\/h5>\n<h5>Merci \u00e0 tous les <a href=\"https:\/\/cerm.uqac.ca\/trcm\/wp-content\/uploads\/sites\/4\/2023\/03\/Programme_Forum_minier_regional_2023_8.14_30mars2023.pdf\" target=\"_blank\" rel=\"noopener\">conf\u00e9renciers et conf\u00e9renci\u00e8res<\/a>, ainsi qu\u2019\u00e0 toutes les personnes qui ont particip\u00e9 et contribu\u00e9 \u00e0 faire de cette \u00e9dition du forum minier une r\u00e9ussite.<\/h5>\n<p>Merci particulier \u00e0:<\/p>\n<ul>\n<li>Gilles Laverdi\u00e8re, g\u00e9o., Chef g\u00e9ologue et expert-conseil \\ <a href=\"https:\/\/firstphosphate.com\/\" target=\"_blank\" rel=\"noopener\">First Phosphate<\/a><\/li>\n<li>Claude Duplessis, Ing. en g\u00e9ologie, PDG et consultant \\ <a href=\"http:\/\/goldmindsgeoservices.com\/\" target=\"_blank\" rel=\"noopener\">GoldMinds Geoservices<\/a>;<\/li>\n<li>Gabrielle Rochefort, Ing. en g\u00e9ologie, Directrice adjointe \\ <a href=\"https:\/\/www.soquem.qc.ca\/\" target=\"_blank\" rel=\"noopener\">SOQUEM<\/a><\/li>\n<li>C\u00e9line L\u00e9tourneau et Sandra C\u00f4t\u00e9, ing., Direction g\u00e9n\u00e9rale du d\u00e9veloppement de l\u2019industrie mini\u00e8re \/ <a href=\"https:\/\/mrnf.gouv.qc.ca\/\" target=\"_blank\" rel=\"noopener\">MRNF<\/a><\/li>\n<li>Bruno Tremblay, maire de <a href=\"https:\/\/www.ville.sthonore.qc.ca\/\" target=\"_blank\" rel=\"noopener\">Saint-Honor\u00e9<\/a><\/li>\n<li>Sylvie Langevin, Conseil des \u00e9lus\u00a0des \u00e9lus de la <a href=\"https:\/\/www.mashteuiatsh.ca\/\" target=\"_blank\" rel=\"noopener\">Premi\u00e8re Nation des Pekuakamiulnuatsh<\/a><\/li>\n<\/ul>\n<p style=\"text-align: left\"><strong><a href=\"https:\/\/www.uqac.ca\/blog\/2023\/04\/17\/luqac-accueille-la-11e-edition-du-forum-minier-regional\/\" target=\"_blank\" rel=\"noopener\">UQACtualit\u00e9\u00a0<\/a><\/strong><\/p>\n<h1><img loading=\"lazy\" decoding=\"async\" class=\"alignnone size-full wp-image-757\" src=\"https:\/\/cerm.uqac.ca\/trcm\/wp-content\/uploads\/sites\/4\/2023\/04\/IMG_0771.jpg\" alt=\"\" width=\"4000\" height=\"2248\" srcset=\"https:\/\/cerm.uqac.ca\/trcm\/wp-content\/uploads\/sites\/4\/2023\/04\/IMG_0771.jpg 4000w, https:\/\/cerm.uqac.ca\/trcm\/wp-content\/uploads\/sites\/4\/2023\/04\/IMG_0771-300x169.jpg 300w, https:\/\/cerm.uqac.ca\/trcm\/wp-content\/uploads\/sites\/4\/2023\/04\/IMG_0771-768x432.jpg 768w, https:\/\/cerm.uqac.ca\/trcm\/wp-content\/uploads\/sites\/4\/2023\/04\/IMG_0771-1024x575.jpg 1024w\" sizes=\"(max-width: 4000px) 100vw, 4000px\" \/><\/h1>\n<p>Sylvie Langevin &#8211; Conseil des \u00e9lus\u00a0des \u00e9lus de la Premi\u00e8re Nation des Pekuakamiulnuatsh<\/p>\n<p>&nbsp;<\/p>\n","protected":false},"excerpt":{"rendered":"<p>2026 FORUM MINIER R\u00c9GIONAL : 24 MARS\u00a0 Le 24 mars dernier, la quatorzi\u00e8me \u00e9dition du forum minier r\u00e9gional a r\u00e9uni \u00e0 l&rsquo;UQAC plusieurs intervenants du d\u00e9veloppement min\u00e9ral r\u00e9gional. Vous pouvez revisionnez les interventions de nos pr\u00e9sentateurs en cliquant sur les liens suivants : . Session AM: Le Corridor du Nord et projets de d\u00e9veloppement r\u00e9gionaux &hellip; <a href=\"https:\/\/cerm.uqac.ca\/trcm\/activites\/\" class=\"more-link\">Continuer la lecture de <span class=\"screen-reader-text\">Activit\u00e9s<\/span>  <span class=\"meta-nav\">&rarr;<\/span><\/a><\/p>\n","protected":false},"author":8,"featured_media":0,"parent":0,"menu_order":0,"comment_status":"closed","ping_status":"closed","template":"","meta":{"footnotes":""},"_links":{"self":[{"href":"https:\/\/cerm.uqac.ca\/trcm\/wp-json\/wp\/v2\/pages\/27"}],"collection":[{"href":"https:\/\/cerm.uqac.ca\/trcm\/wp-json\/wp\/v2\/pages"}],"about":[{"href":"https:\/\/cerm.uqac.ca\/trcm\/wp-json\/wp\/v2\/types\/page"}],"author":[{"embeddable":true,"href":"https:\/\/cerm.uqac.ca\/trcm\/wp-json\/wp\/v2\/users\/8"}],"replies":[{"embeddable":true,"href":"https:\/\/cerm.uqac.ca\/trcm\/wp-json\/wp\/v2\/comments?post=27"}],"version-history":[{"count":82,"href":"https:\/\/cerm.uqac.ca\/trcm\/wp-json\/wp\/v2\/pages\/27\/revisions"}],"predecessor-version":[{"id":981,"href":"https:\/\/cerm.uqac.ca\/trcm\/wp-json\/wp\/v2\/pages\/27\/revisions\/981"}],"wp:attachment":[{"href":"https:\/\/cerm.uqac.ca\/trcm\/wp-json\/wp\/v2\/media?parent=27"}],"curies":[{"name":"wp","href":"https:\/\/api.w.org\/{rel}","templated":true}]}}