{"id":28,"date":"2019-09-19T12:39:17","date_gmt":"2019-09-19T16:39:17","guid":{"rendered":"http:\/\/cerm.uqac.ca\/trcm\/?page_id=28"},"modified":"2026-01-21T15:25:45","modified_gmt":"2026-01-21T20:25:45","slug":"formation","status":"publish","type":"page","link":"https:\/\/cerm.uqac.ca\/trcm\/formation\/","title":{"rendered":"Formation"},"content":{"rendered":"<h1 class=\"separateur_bleu\" style=\"text-align: justify\">\u00a0Initiation \u00e0 la prospection<\/h1>\n<hr \/>\n<div class=\"texte_bleu\" style=\"text-align: justify\">Le cours d\u2019initiation \u00e0 la prospection est un cours qui vise \u00e0 apporter les connaissances de bases aux personnes d\u00e9sireuses de devenir prospecteur. Historiquement, le cours a \u00e9t\u00e9 offert \u00e0 dans le cadre des activit\u00e9s du Fonds Minier du Saguenay-Lac-Saint-Jean entre 1993 et 2004.\u00a0 Par la suite d\u2019autres formations furent organis\u00e9es sporadiquement par l\u2019association des prospecteurs du SLSJ (ASPSJS) et le Consortium de recherche en exploration min\u00e9rale (CONSOREM).<\/div>\n<div><\/div>\n<div>\n<h2><strong>Objectifs<\/strong><\/h2>\n<p style=\"text-align: justify\">Le cours vise deux objectifs principaux.<\/p>\n<p style=\"text-align: justify\">Le premier est de faire acqu\u00e9rir des connaissances de base dans le domaine de la prospection min\u00e9rale. \u00a0Les participants recevront des notions de base en g\u00e9ologie, en min\u00e9ralogie, p\u00e9trographie et g\u00eetologie afin de les initier \u00e0 l\u2019identification des roches et des g\u00eetes.<\/p>\n<p><img loading=\"lazy\" decoding=\"async\" class=\"alignnone size-full wp-image-344\" src=\"https:\/\/cerm.uqac.ca\/trcm\/wp-content\/uploads\/sites\/4\/2019\/11\/Formation_prospec-min.png\" alt=\"\" width=\"970\" height=\"741\" srcset=\"https:\/\/cerm.uqac.ca\/trcm\/wp-content\/uploads\/sites\/4\/2019\/11\/Formation_prospec-min.png 970w, https:\/\/cerm.uqac.ca\/trcm\/wp-content\/uploads\/sites\/4\/2019\/11\/Formation_prospec-min-300x229.png 300w, https:\/\/cerm.uqac.ca\/trcm\/wp-content\/uploads\/sites\/4\/2019\/11\/Formation_prospec-min-768x587.png 768w\" sizes=\"(max-width: 970px) 100vw, 970px\" \/><\/p>\n<p style=\"text-align: justify\">Le deuxi\u00e8me vise \u00e0 faire acqu\u00e9rir des notions de base en gestion des ressources min\u00e9rales, soit sur l\u2019acquisition et la gestion des titres miniers, les indices et les g\u00eetes min\u00e9raux, la Loi sur les mines et sur le fonctionnement de l\u2019industrie de l\u2019exploration min\u00e9rale au Qu\u00e9bec.<\/p>\n<\/div>\n<div>\n<hr \/>\n<h1 class=\"separateur_bleu\" style=\"text-align: justify\">Contenu de la Formation<\/h1>\n<hr \/>\n<div class=\"titre_poster\">\n<div class=\"bloc_dr_500\" style=\"text-align: left\">\n<p style=\"text-align: justify\">Acc\u00e9dez au <a href=\"https:\/\/cerm.uqac.ca\/trcm\/wp-content\/uploads\/sites\/4\/2019\/11\/Initiation-\u00e0-la-prospection_aut2019.pdf\" target=\"_blank\" rel=\"noopener\">document descriptif complet<\/a> de la formation. Chaque ann\u00e9e, plus d&rsquo;une dizaine de nouveaux prospecteurs re\u00e7oivent une formation de base en prospection touchant les \u00e9l\u00e9ments suivants :<\/p>\n<ul style=\"text-align: justify\">\n<li style=\"text-align: left\">Introduction concepts g\u00e9n\u00e9raux et notions de g\u00e9ologie<\/li>\n<li style=\"text-align: left\">Description et identification des min\u00e9raux<\/li>\n<li style=\"text-align: left\">Description et identification des roches<\/li>\n<li style=\"text-align: left\">La g\u00e9ologie \u00e9conomique et les types de d\u00e9p\u00f4t<\/li>\n<li style=\"text-align: left\">Exploration : Quoi chercher et o\u00f9 ?<\/li>\n<li style=\"text-align: left\">La Loi sur les mines et l\u2019acquisition des DEE (claims)<\/li>\n<li style=\"text-align: left\">La g\u00e9ologie r\u00e9gionale et son potentiel min\u00e9ral<\/li>\n<li style=\"text-align: left\">Informations compl\u00e9mentaires : \u00e9valuation de propri\u00e9t\u00e9, contrat d\u2019option<\/li>\n<\/ul>\n<p style=\"text-align: justify\">La formation g\u00e9n\u00e9rale en prospection est donn\u00e9e en 4 journ\u00e9es th\u00e9oriques et deux journ\u00e9es d\u2019excursion sur le terrain, vers le mois de mai).<\/p>\n<p style=\"text-align: justify\"><span class=\"texte_bleu_ital\">Pour ceux et celles qui seraient int\u00e9ress\u00e9s \u00e0 suivre la formation d\u2019initiation \u00e0 la prospection, veuillez communiquer avec\u00a0<strong>M. Mika\u00ebl Block.<\/strong><br \/>\nt\u00e9l.: 418 545-5011 poste 2231<br \/>\ncourriel: mblock@uqac.ca<\/span><\/p>\n<\/div>\n<\/div>\n<\/div>\n","protected":false},"excerpt":{"rendered":"<p>\u00a0Initiation \u00e0 la prospection Le cours d\u2019initiation \u00e0 la prospection est un cours qui vise \u00e0 apporter les connaissances de bases aux personnes d\u00e9sireuses de devenir prospecteur. Historiquement, le cours a \u00e9t\u00e9 offert \u00e0 dans le cadre des activit\u00e9s du Fonds Minier du Saguenay-Lac-Saint-Jean entre 1993 et 2004.\u00a0 Par la suite d\u2019autres formations furent organis\u00e9es &hellip; <a href=\"https:\/\/cerm.uqac.ca\/trcm\/formation\/\" class=\"more-link\">Continuer la lecture de <span class=\"screen-reader-text\">Formation<\/span>  <span class=\"meta-nav\">&rarr;<\/span><\/a><\/p>\n","protected":false},"author":8,"featured_media":0,"parent":0,"menu_order":0,"comment_status":"closed","ping_status":"closed","template":"","meta":{"footnotes":""},"_links":{"self":[{"href":"https:\/\/cerm.uqac.ca\/trcm\/wp-json\/wp\/v2\/pages\/28"}],"collection":[{"href":"https:\/\/cerm.uqac.ca\/trcm\/wp-json\/wp\/v2\/pages"}],"about":[{"href":"https:\/\/cerm.uqac.ca\/trcm\/wp-json\/wp\/v2\/types\/page"}],"author":[{"embeddable":true,"href":"https:\/\/cerm.uqac.ca\/trcm\/wp-json\/wp\/v2\/users\/8"}],"replies":[{"embeddable":true,"href":"https:\/\/cerm.uqac.ca\/trcm\/wp-json\/wp\/v2\/comments?post=28"}],"version-history":[{"count":14,"href":"https:\/\/cerm.uqac.ca\/trcm\/wp-json\/wp\/v2\/pages\/28\/revisions"}],"predecessor-version":[{"id":933,"href":"https:\/\/cerm.uqac.ca\/trcm\/wp-json\/wp\/v2\/pages\/28\/revisions\/933"}],"wp:attachment":[{"href":"https:\/\/cerm.uqac.ca\/trcm\/wp-json\/wp\/v2\/media?parent=28"}],"curies":[{"name":"wp","href":"https:\/\/api.w.org\/{rel}","templated":true}]}}