{"id":29,"date":"2019-09-19T13:48:14","date_gmt":"2019-09-19T17:48:14","guid":{"rendered":"http:\/\/cerm.uqac.ca\/trcm\/?page_id=29"},"modified":"2026-01-21T15:46:40","modified_gmt":"2026-01-21T20:46:40","slug":"soutien-aux-intervenants","status":"publish","type":"page","link":"https:\/\/cerm.uqac.ca\/trcm\/soutien-aux-intervenants\/","title":{"rendered":"Soutien aux intervenants"},"content":{"rendered":"<h1 class=\"separateur_bleu\" style=\"text-align: justify\">Les demandes d&rsquo;assistance<\/h1>\n<hr \/>\n<div class=\"texte_bleu\" style=\"text-align: justify\">\n<p>Les demandes d&rsquo;assistance concernent souvent l&rsquo;identification d&rsquo;\u00e9chantillons, l&rsquo;identification des min\u00e9raux contenus dans un \u00e9chantillon et l&rsquo;analyse g\u00e9ochimique de roches.<\/p>\n<p>\u00c9galement, un certain nombre de demandes concernent l&rsquo;utilisation des diff\u00e9rents outils informatiques et logiciels que doivent maintenant utiliser les prospecteurs dans leurs travaux. Par exemple l&rsquo;application GESTIM du minist\u00e8re des Ressources naturelles, qui est maintenant incontournable pour l&rsquo;acquisition des titres miniers et leur gestion, fait souvent l&rsquo;objet de demande d&rsquo;assistance.<\/p>\n<\/div>\n<hr \/>\n<h1 class=\"separateur_bleu\">L&rsquo;assistance et le soutien aux prospecteurs du SLSJ<\/h1>\n<hr \/>\n<div class=\"texte_bleu\" style=\"text-align: justify\">\n<p>Ce volet du travail se manifeste principalement de deux fa\u00e7ons :<\/p>\n<ul>\n<li>R\u00e9pondre aux demandes d&rsquo;assistance au bureau<\/li>\n<li>Visites de terrain sur les propri\u00e9t\u00e9s des prospecteurs<\/li>\n<\/ul>\n<\/div>\n<hr \/>\n<h1 class=\"separateur_bleu\" style=\"text-align: justify\">Visite de terrain sur les propri\u00e9t\u00e9s des prospecteurs<\/h1>\n<hr \/>\n<div class=\"texte_bleu\" style=\"text-align: justify\">Ces visites ont lieu quand les prospecteurs d\u00e9couvrent des indices et qu&rsquo;ils d\u00e9sirent avoir des conseils pour pousser plus loin leurs travaux de prospection. Habituellement la visite est compl\u00e9t\u00e9e par un rapport de visite de terrain qui r\u00e9sume les observations et recommandations.<\/div>\n<hr \/>\n<h1 class=\"separateur_bleu\" style=\"text-align: justify\">Les autres demandes<\/h1>\n<hr \/>\n<div class=\"texte_bleu\" style=\"text-align: justify\">La TRCM r\u00e9pond aussi \u00e0 des demandes d&rsquo;organismes \u00e9conomiques, de regroupements d&rsquo;entreprises qui d\u00e9sirent avoir de l&rsquo;information sur les ressources min\u00e9rales r\u00e9gionales de fa\u00e7on g\u00e9n\u00e9rale.<\/div>\n","protected":false},"excerpt":{"rendered":"<p>Les demandes d&rsquo;assistance Les demandes d&rsquo;assistance concernent souvent l&rsquo;identification d&rsquo;\u00e9chantillons, l&rsquo;identification des min\u00e9raux contenus dans un \u00e9chantillon et l&rsquo;analyse g\u00e9ochimique de roches. \u00c9galement, un certain nombre de demandes concernent l&rsquo;utilisation des diff\u00e9rents outils informatiques et logiciels que doivent maintenant utiliser les prospecteurs dans leurs travaux. Par exemple l&rsquo;application GESTIM du minist\u00e8re des Ressources naturelles, qui &hellip; <a href=\"https:\/\/cerm.uqac.ca\/trcm\/soutien-aux-intervenants\/\" class=\"more-link\">Continuer la lecture de <span class=\"screen-reader-text\">Soutien aux intervenants<\/span>  <span class=\"meta-nav\">&rarr;<\/span><\/a><\/p>\n","protected":false},"author":8,"featured_media":0,"parent":0,"menu_order":0,"comment_status":"closed","ping_status":"closed","template":"","meta":{"footnotes":""},"_links":{"self":[{"href":"https:\/\/cerm.uqac.ca\/trcm\/wp-json\/wp\/v2\/pages\/29"}],"collection":[{"href":"https:\/\/cerm.uqac.ca\/trcm\/wp-json\/wp\/v2\/pages"}],"about":[{"href":"https:\/\/cerm.uqac.ca\/trcm\/wp-json\/wp\/v2\/types\/page"}],"author":[{"embeddable":true,"href":"https:\/\/cerm.uqac.ca\/trcm\/wp-json\/wp\/v2\/users\/8"}],"replies":[{"embeddable":true,"href":"https:\/\/cerm.uqac.ca\/trcm\/wp-json\/wp\/v2\/comments?post=29"}],"version-history":[{"count":6,"href":"https:\/\/cerm.uqac.ca\/trcm\/wp-json\/wp\/v2\/pages\/29\/revisions"}],"predecessor-version":[{"id":944,"href":"https:\/\/cerm.uqac.ca\/trcm\/wp-json\/wp\/v2\/pages\/29\/revisions\/944"}],"wp:attachment":[{"href":"https:\/\/cerm.uqac.ca\/trcm\/wp-json\/wp\/v2\/media?parent=29"}],"curies":[{"name":"wp","href":"https:\/\/api.w.org\/{rel}","templated":true}]}}