{"id":31,"date":"2019-09-19T13:48:15","date_gmt":"2019-09-19T17:48:15","guid":{"rendered":"http:\/\/cerm.uqac.ca\/trcm\/?page_id=31"},"modified":"2026-01-21T15:41:42","modified_gmt":"2026-01-21T20:41:42","slug":"nous-contacter","status":"publish","type":"page","link":"https:\/\/cerm.uqac.ca\/trcm\/nous-contacter\/","title":{"rendered":"Nous contacter"},"content":{"rendered":"<h1>Table r\u00e9gionale de concertation mini\u00e8re<\/h1>\n<hr \/>\n<header>\n<h5>Universit\u00e9 du Qu\u00e9bec \u00e0 Chicoutimi<\/h5>\n<\/header>\n<p>555, boulevard de l\u2019Universit\u00e9<br \/>\nChicoutimi (Qu\u00e9bec)<br \/>\nCanada\u00a0 G7H 2B1<br \/>\n<strong>T\u00e9l\u00e9phone<\/strong>\u00a0: 418 545-5011<br \/>\n<strong>Sans frais<\/strong>\u00a0: 1 800 463-9880 (sans frais)<\/p>\n<p><strong>Directeur de la TRCM<\/strong> : <a href=\"https:\/\/repertoire.uqac.ca\/Fiche.aspx?id=KDojIyAIXhs1\">Benoit Lafrance<\/a><\/p>\n<p><strong>Charg\u00e9e de projets de la TRCM : <\/strong><a href=\"https:\/\/repertoire.uqac.ca\/Fiche.aspx?id=KzotKzUdWRY1\">Ang\u00e9lique Longtin<\/a><\/p>\n<p><strong>G\u00e9ologue de la TRCM : <\/strong><a href=\"https:\/\/repertoire.uqac.ca\/Fiche.aspx?id=JzQuKjEC0\">Mika\u00ebl Block<\/a><\/p>\n<p>&nbsp;<\/p>\n","protected":false},"excerpt":{"rendered":"<p>Table r\u00e9gionale de concertation mini\u00e8re Universit\u00e9 du Qu\u00e9bec \u00e0 Chicoutimi 555, boulevard de l\u2019Universit\u00e9 Chicoutimi (Qu\u00e9bec) Canada\u00a0 G7H 2B1 T\u00e9l\u00e9phone\u00a0: 418 545-5011 Sans frais\u00a0: 1 800 463-9880 (sans frais) Directeur de la TRCM : Benoit Lafrance Charg\u00e9e de projets de la TRCM : Ang\u00e9lique Longtin G\u00e9ologue de la TRCM : Mika\u00ebl Block &nbsp;<\/p>\n","protected":false},"author":8,"featured_media":0,"parent":0,"menu_order":0,"comment_status":"closed","ping_status":"closed","template":"","meta":{"footnotes":""},"_links":{"self":[{"href":"https:\/\/cerm.uqac.ca\/trcm\/wp-json\/wp\/v2\/pages\/31"}],"collection":[{"href":"https:\/\/cerm.uqac.ca\/trcm\/wp-json\/wp\/v2\/pages"}],"about":[{"href":"https:\/\/cerm.uqac.ca\/trcm\/wp-json\/wp\/v2\/types\/page"}],"author":[{"embeddable":true,"href":"https:\/\/cerm.uqac.ca\/trcm\/wp-json\/wp\/v2\/users\/8"}],"replies":[{"embeddable":true,"href":"https:\/\/cerm.uqac.ca\/trcm\/wp-json\/wp\/v2\/comments?post=31"}],"version-history":[{"count":12,"href":"https:\/\/cerm.uqac.ca\/trcm\/wp-json\/wp\/v2\/pages\/31\/revisions"}],"predecessor-version":[{"id":942,"href":"https:\/\/cerm.uqac.ca\/trcm\/wp-json\/wp\/v2\/pages\/31\/revisions\/942"}],"wp:attachment":[{"href":"https:\/\/cerm.uqac.ca\/trcm\/wp-json\/wp\/v2\/media?parent=31"}],"curies":[{"name":"wp","href":"https:\/\/api.w.org\/{rel}","templated":true}]}}