{"id":367,"date":"2019-12-06T10:14:00","date_gmt":"2019-12-06T15:14:00","guid":{"rendered":"http:\/\/cerm.uqac.ca\/trcm\/?page_id=367"},"modified":"2026-01-21T15:29:54","modified_gmt":"2026-01-21T20:29:54","slug":"historique-de-la-trcm-2","status":"publish","type":"page","link":"https:\/\/cerm.uqac.ca\/trcm\/historique-de-la-trcm-2\/","title":{"rendered":"La TRCM"},"content":{"rendered":"<hr \/>\n<p>Le Centre d\u2019\u00e9tudes sur les ressources min\u00e9rales (CERM) de l\u2019Universit\u00e9 du Qu\u00e9bec \u00e0 Chicoutimi (UQAC) a la responsabilit\u00e9 d\u2019assurer les op\u00e9rations de la Table r\u00e9gionale de concertation mini\u00e8re (TRCM) pour la r\u00e9gion du Saguenay-Lac-Saint-Jean (SLSJ).<\/p>\n<p>Une entente sectorielle de d\u00e9veloppement intitul\u00e9e <strong>\u00ab Valorisation du potentiel min\u00e9ral r\u00e9gional pour la fili\u00e8re batterie et autres fili\u00e8res de min\u00e9raux critiques et strat\u00e9giques\u00a0 dans la r\u00e9gion du Saguenay\u2013Lac-Saint-Jean \u00bb<\/strong> a \u00e9t\u00e9 ent\u00e9rin\u00e9e en 2023 afin que la TRCM puisse mettre en \u0153uvre diff\u00e9rentes actions pr\u00e9vues selon les orientations suivantes :<\/p>\n<ul>\n<li>Valoriser le potentiel min\u00e9ral r\u00e9gional dans une optique de d\u00e9veloppement de fili\u00e8res pour les MCS par l\u2019acquisition de connaissances g\u00e9oscientifiques et g\u00e9om\u00e9tallurgiques;<\/li>\n<li>R\u00e9pondre aux besoins du milieu en mati\u00e8re de d\u00e9veloppement responsable par des activit\u00e9s d\u2019animation du milieu, d\u2019accompagnement, d\u2019information et de formation;<\/li>\n<li>Diffuser et promouvoir le potentiel et les actifs min\u00e9raux en r\u00e9gion et hors r\u00e9gion par la promotion de la Carte routi\u00e8re min\u00e9rale, la maximisation du maillage r\u00e9gional et par l\u2019organisation et la participation \u00e0 diff\u00e9rents \u00e9v\u00e9nements.<\/li>\n<\/ul>\n<p>_________________________________________________________________________<\/p>\n<h2><strong>Historique de la TRCM<\/strong><\/h2>\n<p>la TRCM a op\u00e9r\u00e9 de <strong>2012 \u00e0 2015<\/strong> sous l\u2019\u00e9gide de la Conf\u00e9rence r\u00e9gionale des \u00e9lus du Saguenay\u2015Lac-Saint-Jean (CR\u00c9-SLSJ). Elle avait pour objectif de doter la r\u00e9gion du SLSJ d\u2019une strat\u00e9gie de d\u00e9veloppement min\u00e9ral par des actions de soutien aux acteurs r\u00e9gionaux, de valorisation du potentiel min\u00e9ral et d\u2019acquisition des connaissances. Plusieurs projets et r\u00e9alisations ont d\u00e9coul\u00e9 de ses activit\u00e9s, tels que la carte routi\u00e8re min\u00e9rale du SLSJ, les projets d\u2019acquisition de connaissances (PAC3G) et le soutien aux prospecteurs.<\/p>\n<p>Puis, gr\u00e2ce \u00e0 une initiative soutenue par le <strong>Fonds d\u2019appui au rayonnement des r\u00e9gions (FARR)<\/strong> du <a href=\"https:\/\/www.mamh.gouv.qc.ca\/\"><strong>Minist\u00e8re des Affaires Municipales et de l\u2019Habitation (MAMH)<\/strong><\/a> (programme qui vise le financement de projets align\u00e9s sur les priorit\u00e9s r\u00e9gionales d\u00e9coulant du sommet \u00e9conomique de <strong>2015<\/strong> et plus sp\u00e9cifiquement, dans ce cas, du comit\u00e9 Mines et M\u00e9taux), les objectifs suivants ont \u00e9t\u00e9 cibl\u00e9s pour la TRCM :<\/p>\n<ul>\n<li>Accompagner les promoteurs miniers dans les \u00e9tapes d\u2019\u00e9laboration de leur projet\u00a0;<\/li>\n<li>Positionner la r\u00e9gion en tant que fournisseur de produits et de services\u00a0(consolidation) ;<\/li>\n<li>Valoriser ou transformer les produits miniers dans la r\u00e9gion\u00a0;<\/li>\n<li>Consid\u00e9rer les enjeux de\u00a0<em>Pekuakmiulnuatsh<\/em>, soit de convenir d\u2019une entente de r\u00e9percussions et avantages avec les Premi\u00e8res Nations concern\u00e9es par leur projet et \u00e9galement de favoriser leur participation \u00e0 la valorisation de l\u2019exploration du potentiel minier r\u00e9gional ;<\/li>\n<li>Acqu\u00e9rir des connaissances g\u00e9oscientifiques du territoire pour \u00eatre en mesure d\u2019attirer les entreprises d\u2019exploration qui sont responsables des d\u00e9couvertes min\u00e9rales.<\/li>\n<\/ul>\n<p>Le <strong>mandat de la TRCM 2022-2023<\/strong>, visait ces m\u00eames objectifs tout en r\u00e9pondant \u00e0 trois priorit\u00e9s inspir\u00e9es des propositions du rapport du comit\u00e9 Mines et M\u00e9taux de 2015 :<\/p>\n<ul>\n<li>D\u00e9velopper et valoriser le potentiel min\u00e9ral de la r\u00e9gion avec une emphase sur les min\u00e9raux critiques et strat\u00e9giques (MCS) et industriels;<\/li>\n<li>R\u00e9pondre aux besoins du milieu en mati\u00e8re de d\u00e9veloppement min\u00e9ral responsable.<\/li>\n<li>Diffuser et promouvoir le potentiel min\u00e9ral et les actifs r\u00e9gionaux dans une optique de d\u00e9veloppement min\u00e9ral responsable.<\/li>\n<\/ul>\n","protected":false},"excerpt":{"rendered":"<p>Le Centre d\u2019\u00e9tudes sur les ressources min\u00e9rales (CERM) de l\u2019Universit\u00e9 du Qu\u00e9bec \u00e0 Chicoutimi (UQAC) a la responsabilit\u00e9 d\u2019assurer les op\u00e9rations de la Table r\u00e9gionale de concertation mini\u00e8re (TRCM) pour la r\u00e9gion du Saguenay-Lac-Saint-Jean (SLSJ). Une entente sectorielle de d\u00e9veloppement intitul\u00e9e \u00ab Valorisation du potentiel min\u00e9ral r\u00e9gional pour la fili\u00e8re batterie et autres fili\u00e8res de &hellip; <a href=\"https:\/\/cerm.uqac.ca\/trcm\/historique-de-la-trcm-2\/\" class=\"more-link\">Continuer la lecture de <span class=\"screen-reader-text\">La TRCM<\/span>  <span class=\"meta-nav\">&rarr;<\/span><\/a><\/p>\n","protected":false},"author":8,"featured_media":430,"parent":0,"menu_order":0,"comment_status":"closed","ping_status":"closed","template":"","meta":{"footnotes":""},"_links":{"self":[{"href":"https:\/\/cerm.uqac.ca\/trcm\/wp-json\/wp\/v2\/pages\/367"}],"collection":[{"href":"https:\/\/cerm.uqac.ca\/trcm\/wp-json\/wp\/v2\/pages"}],"about":[{"href":"https:\/\/cerm.uqac.ca\/trcm\/wp-json\/wp\/v2\/types\/page"}],"author":[{"embeddable":true,"href":"https:\/\/cerm.uqac.ca\/trcm\/wp-json\/wp\/v2\/users\/8"}],"replies":[{"embeddable":true,"href":"https:\/\/cerm.uqac.ca\/trcm\/wp-json\/wp\/v2\/comments?post=367"}],"version-history":[{"count":9,"href":"https:\/\/cerm.uqac.ca\/trcm\/wp-json\/wp\/v2\/pages\/367\/revisions"}],"predecessor-version":[{"id":936,"href":"https:\/\/cerm.uqac.ca\/trcm\/wp-json\/wp\/v2\/pages\/367\/revisions\/936"}],"wp:featuredmedia":[{"embeddable":true,"href":"https:\/\/cerm.uqac.ca\/trcm\/wp-json\/wp\/v2\/media\/430"}],"wp:attachment":[{"href":"https:\/\/cerm.uqac.ca\/trcm\/wp-json\/wp\/v2\/media?parent=367"}],"curies":[{"name":"wp","href":"https:\/\/api.w.org\/{rel}","templated":true}]}}