{"id":466,"date":"2020-12-03T16:08:03","date_gmt":"2020-12-03T21:08:03","guid":{"rendered":"http:\/\/cerm.uqac.ca\/trcm\/?page_id=466"},"modified":"2022-11-10T15:54:39","modified_gmt":"2022-11-10T20:54:39","slug":"donnees-geomatiques-a-telecharger-crm-slsj","status":"publish","type":"page","link":"https:\/\/cerm.uqac.ca\/trcm\/donnees-geomatiques-a-telecharger-crm-slsj\/","title":{"rendered":"Donn\u00e9es cartographiques \u00e0 t\u00e9l\u00e9charger"},"content":{"rendered":"<p>&nbsp;<\/p>\n<p><strong>Fichier .ZIP :\u00a0 shapefiles prospection SLSJ &#8211; 2022<\/strong><\/p>\n<p>Nouvelles d\u00e9couvertes prospecteurs (2021) \/ Projets actifs au SLSJ (2022) \/Anomalies r\u00e9siduelles (2019) \/ Cibles granito\u00efdes (2011) Limites des MRC SLSJ \/ Fichiers SNRC.<\/p>\n<p><a href=\"https:\/\/consorem2.uqac.ca\/Couches_telechargeables_web_2022.zip\" target=\"_blank\" rel=\"noopener\">T\u00e9l\u00e9charger ici<\/a><\/p>\n<p>&nbsp;<\/p>\n","protected":false},"excerpt":{"rendered":"<p>&nbsp; Fichier .ZIP :\u00a0 shapefiles prospection SLSJ &#8211; 2022 Nouvelles d\u00e9couvertes prospecteurs (2021) \/ Projets actifs au SLSJ (2022) \/Anomalies r\u00e9siduelles (2019) \/ Cibles granito\u00efdes (2011) Limites des MRC SLSJ \/ Fichiers SNRC. T\u00e9l\u00e9charger ici &nbsp;<\/p>\n","protected":false},"author":3,"featured_media":0,"parent":0,"menu_order":0,"comment_status":"closed","ping_status":"closed","template":"","meta":{"footnotes":""},"_links":{"self":[{"href":"https:\/\/cerm.uqac.ca\/trcm\/wp-json\/wp\/v2\/pages\/466"}],"collection":[{"href":"https:\/\/cerm.uqac.ca\/trcm\/wp-json\/wp\/v2\/pages"}],"about":[{"href":"https:\/\/cerm.uqac.ca\/trcm\/wp-json\/wp\/v2\/types\/page"}],"author":[{"embeddable":true,"href":"https:\/\/cerm.uqac.ca\/trcm\/wp-json\/wp\/v2\/users\/3"}],"replies":[{"embeddable":true,"href":"https:\/\/cerm.uqac.ca\/trcm\/wp-json\/wp\/v2\/comments?post=466"}],"version-history":[{"count":9,"href":"https:\/\/cerm.uqac.ca\/trcm\/wp-json\/wp\/v2\/pages\/466\/revisions"}],"predecessor-version":[{"id":665,"href":"https:\/\/cerm.uqac.ca\/trcm\/wp-json\/wp\/v2\/pages\/466\/revisions\/665"}],"wp:attachment":[{"href":"https:\/\/cerm.uqac.ca\/trcm\/wp-json\/wp\/v2\/media?parent=466"}],"curies":[{"name":"wp","href":"https:\/\/api.w.org\/{rel}","templated":true}]}}