{"id":501,"date":"2021-04-08T15:20:39","date_gmt":"2021-04-08T19:20:39","guid":{"rendered":"https:\/\/cerm.uqac.ca\/trcm\/?page_id=501"},"modified":"2026-03-17T15:29:21","modified_gmt":"2026-03-17T19:29:21","slug":"evenement-a-venir","status":"publish","type":"page","link":"https:\/\/cerm.uqac.ca\/trcm\/evenement-a-venir\/","title":{"rendered":"\u00c9v\u00e9nement \u00e0 venir"},"content":{"rendered":"<h2 style=\"text-align: center\"><strong>Le prochain Forum minier r\u00e9gional aura lieu le 24 mars 2026<\/strong><\/h2>\n<p>&nbsp;<\/p>\n<p>Le Forum minier r\u00e9gional r\u00e9unit chaque ann\u00e9e les acteurs du milieu et pr\u00e9sente des conf\u00e9rences sur le d\u00e9veloppement min\u00e9ral r\u00e9gional. L&rsquo;\u00e9dition 2026 ajoute un volet grand public avec une tente de prospection dans la cour int\u00e9rieure de l\u2019UQAC, ainsi que des visites des laboratoires en g\u00e9ologie et de la nouvelle caroth\u00e8que.<\/p>\n<p>Pour prendre connaissance de la programmation, cliquez sur le lien suivant : <a href=\"https:\/\/cerm.uqac.ca\/trcm\/wp-content\/uploads\/sites\/4\/2026\/03\/Forum-minier-2026-programmation-finale.pdf\">Forum minier 2026 &#8211; programmation finale<\/a><\/p>\n<p>L&rsquo;inscription est gratuite mais obligatoire, au lien suivant :<\/p>\n<p><a href=\"https:\/\/uqac.zoom.us\/webinar\/register\/WN_dsuh3GV4TD2ifyB95Q7tbg#\/registration\">Inscription au Forum\u00a0<\/a><\/p>\n<p><em>Svp prendre note que le lien Zoom est envoy\u00e9 \u00e0 tous m\u00eame si vous indiquez y assister en pr\u00e9sentiel.<\/em><\/p>\n","protected":false},"excerpt":{"rendered":"<p>Le prochain Forum minier r\u00e9gional aura lieu le 24 mars 2026 &nbsp; Le Forum minier r\u00e9gional r\u00e9unit chaque ann\u00e9e les acteurs du milieu et pr\u00e9sente des conf\u00e9rences sur le d\u00e9veloppement min\u00e9ral r\u00e9gional. L&rsquo;\u00e9dition 2026 ajoute un volet grand public avec une tente de prospection dans la cour int\u00e9rieure de l\u2019UQAC, ainsi que des visites des &hellip; <a href=\"https:\/\/cerm.uqac.ca\/trcm\/evenement-a-venir\/\" class=\"more-link\">Continuer la lecture de <span class=\"screen-reader-text\">\u00c9v\u00e9nement \u00e0 venir<\/span>  <span class=\"meta-nav\">&rarr;<\/span><\/a><\/p>\n","protected":false},"author":3,"featured_media":682,"parent":0,"menu_order":0,"comment_status":"closed","ping_status":"closed","template":"","meta":{"footnotes":""},"_links":{"self":[{"href":"https:\/\/cerm.uqac.ca\/trcm\/wp-json\/wp\/v2\/pages\/501"}],"collection":[{"href":"https:\/\/cerm.uqac.ca\/trcm\/wp-json\/wp\/v2\/pages"}],"about":[{"href":"https:\/\/cerm.uqac.ca\/trcm\/wp-json\/wp\/v2\/types\/page"}],"author":[{"embeddable":true,"href":"https:\/\/cerm.uqac.ca\/trcm\/wp-json\/wp\/v2\/users\/3"}],"replies":[{"embeddable":true,"href":"https:\/\/cerm.uqac.ca\/trcm\/wp-json\/wp\/v2\/comments?post=501"}],"version-history":[{"count":69,"href":"https:\/\/cerm.uqac.ca\/trcm\/wp-json\/wp\/v2\/pages\/501\/revisions"}],"predecessor-version":[{"id":963,"href":"https:\/\/cerm.uqac.ca\/trcm\/wp-json\/wp\/v2\/pages\/501\/revisions\/963"}],"wp:featuredmedia":[{"embeddable":true,"href":"https:\/\/cerm.uqac.ca\/trcm\/wp-json\/wp\/v2\/media\/682"}],"wp:attachment":[{"href":"https:\/\/cerm.uqac.ca\/trcm\/wp-json\/wp\/v2\/media?parent=501"}],"curies":[{"name":"wp","href":"https:\/\/api.w.org\/{rel}","templated":true}]}}