{"id":53,"date":"2019-09-19T13:52:41","date_gmt":"2019-09-19T17:52:41","guid":{"rendered":"http:\/\/cerm.uqac.ca\/trcm\/?page_id=53"},"modified":"2026-01-21T16:08:46","modified_gmt":"2026-01-21T21:08:46","slug":"gouvernance","status":"publish","type":"page","link":"https:\/\/cerm.uqac.ca\/trcm\/gouvernance\/","title":{"rendered":"Gouvernance"},"content":{"rendered":"<p><img loading=\"lazy\" decoding=\"async\" class=\"alignnone wp-image-947\" src=\"https:\/\/cerm.uqac.ca\/trcm\/wp-content\/uploads\/sites\/4\/2026\/01\/Logos_partenaires_TRCM_2025-2026_dec-2025-1-scaled.jpg\" alt=\"\" width=\"1500\" height=\"356\" \/><\/p>\n<hr \/>\n<p>La Table r\u00e9gionale de concertation mini\u00e8re (TRCM) est chapeaut\u00e9e par le Centre d\u2019\u00e9tudes sur les ressources min\u00e9rales (CERM) de l\u2019UQAC. Elle est compos\u00e9e d&rsquo;un comit\u00e9 directeur et d&rsquo;un comit\u00e9 de concertation et a des relations avec plusieurs intervenants r\u00e9gionaux, dont les intervenants en d\u00e9veloppement \u00e9conomique, en d\u00e9veloppement durable, en exploration et les communaut\u00e9s innues.<\/p>\n<h1>L&rsquo;\u00e9quipe de la TRCM<\/h1>\n<hr \/>\n<p>&nbsp;<\/p>\n<table>\n<tbody>\n<tr>\n<td width=\"288\"><strong>Poste<\/strong><\/td>\n<td width=\"288\"><strong>Pr\u00e9nom, Nom<\/strong><\/td>\n<\/tr>\n<tr>\n<td width=\"288\">Directeur TRCM\/CONSOREM<\/td>\n<td width=\"288\"><a href=\"https:\/\/repertoire.uqac.ca\/Fiche.aspx?id=KDojIyAIXhs1\" target=\"_blank\" rel=\"noopener\">Benoit Lafrance<\/a><\/td>\n<\/tr>\n<tr>\n<td width=\"288\">Charg\u00e9e de projets TRCM\/CONSOREM<\/td>\n<td width=\"288\"><a href=\"https:\/\/repertoire.uqac.ca\/Fiche.aspx?id=KzotKzUdWRY1\" target=\"_blank\" rel=\"noopener\">Ang\u00e9lique Longtin<\/a><\/td>\n<\/tr>\n<tr>\n<td width=\"288\">G\u00e9ologue<\/td>\n<td width=\"288\"><a href=\"https:\/\/repertoire.uqac.ca\/Fiche.aspx?id=JzQuKjEC0\" target=\"_blank\" rel=\"noopener\">Mika\u00ebl Block<\/a><\/td>\n<\/tr>\n<tr>\n<td width=\"288\"><\/td>\n<td width=\"288\"><\/td>\n<\/tr>\n<\/tbody>\n<\/table>\n<h1>Comit\u00e9 Directeur<\/h1>\n<h1><span style=\"font-size: 16px;font-weight: 400\">Le comit\u00e9 directeur regroupe les signataires de l&rsquo;entente sectorielle et intervenants responsables de la gestion du territoire, du d\u00e9veloppement \u00e9conomique et de la formation au Saguenay\u2015Lac-Saint-Jean ainsi que des partenaires de l&rsquo;industrie mini\u00e8re. Il a pour r\u00f4le d\u2019assurer le suivi de la r\u00e9alisation du plan d&rsquo;action de la TRCM et de lui donner les orientations n\u00e9cessaires.<\/span><\/h1>\n<p>&nbsp;<\/p>\n<p><strong>Partenaires signataires et\u00a0 membres du comit\u00e9 directeur :<\/strong><\/p>\n<ul>\n<li><a href=\"https:\/\/www.mamh.gouv.qc.ca\/\" target=\"_blank\" rel=\"noopener\">Minist\u00e8re des Affaires municipales et Habitation (MAMH)<\/a><\/li>\n<li><a href=\"https:\/\/www.quebec.ca\/gouvernement\/ministere\/energie-ressources-naturelles\" target=\"_blank\" rel=\"noopener\">Minist\u00e8re des Ressources naturelles et des For\u00eats\u00a0\u00a0<\/a><\/li>\n<li><a href=\"https:\/\/www.economie.gouv.qc.ca\/accueil\/\" target=\"_blank\" rel=\"noopener\">Minist\u00e8re de l&rsquo;\u00c9conomie, de l&rsquo;Innovation et de l&rsquo;\u00c9nergie\u00a0<\/a><\/li>\n<li><a href=\"https:\/\/mrc-fjord.qc.ca\/\" target=\"_blank\" rel=\"noopener\">MRC du Fjord-du-Saguenay<\/a><\/li>\n<li><a href=\"http:\/\/www.mrclacsaintjeanest.qc.ca\/\" target=\"_blank\" rel=\"noopener\">MRC Lac-Saint-Jean-Est<\/a><\/li>\n<li><a href=\"https:\/\/mrcdemaria-chapdelaine.ca\/\" target=\"_blank\" rel=\"noopener\">MRC Maria-Chapdelaine<\/a><\/li>\n<li><a href=\"https:\/\/mrcdomaineduroy.ca\/fr\/\" target=\"_blank\" rel=\"noopener\">MRC Domaine-du-Roy<\/a><\/li>\n<li><a href=\"https:\/\/promotion.saguenay.ca\/\" target=\"_blank\" rel=\"noopener\">Promotion Saguenay<\/a><\/li>\n<li><a href=\"https:\/\/www.portsaguenay.ca\/\" target=\"_blank\" rel=\"noopener\">Port Saguenay<\/a><\/li>\n<li><a href=\"https:\/\/www.uqac.ca\/\" target=\"_blank\" rel=\"noopener\">UQAC<\/a><\/li>\n<li><a href=\"https:\/\/www.magnorexploration.com\/\" target=\"_blank\" rel=\"noopener\">Magnor Exploration<\/a><\/li>\n<li><a href=\"https:\/\/niobaymetals.com\/\" target=\"_blank\" rel=\"noopener\">Niobay metals<\/a><\/li>\n<li><a href=\"https:\/\/www.magrispm.com\/niobec\" target=\"_blank\" rel=\"noopener\">Mine Niobec<\/a><\/li>\n<li><a href=\"https:\/\/www.arianne-inc.com\/fr\/\" target=\"_blank\" rel=\"noopener\">Arianne Phosphate<\/a><\/li>\n<li><a href=\"https:\/\/firstphosphate.com\/\" target=\"_blank\" rel=\"noopener\">First Phosphate<\/a><\/li>\n<li><a href=\"https:\/\/www.riotinto.com\/fr-ca\/can\/canada-operations\/saguenay\" target=\"_blank\" rel=\"noopener\">Rio Tinto Aluminium (RTA)<\/a><\/li>\n<li><a href=\"https:\/\/www.riotinto.com\/fr-ca\/can\/canada-operations\/rio-tinto-fer-et-titane\" target=\"_blank\" rel=\"noopener\">Rio Tinto Fer et Titane (RTFT)<\/a><\/li>\n<li><a href=\"https:\/\/www.soquem.qc.ca\/\" target=\"_blank\" rel=\"noopener\">SOQUEM<\/a><\/li>\n<\/ul>\n<p>&nbsp;<\/p>\n<h1>Comit\u00e9 de concertation<\/h1>\n<p>Le comit\u00e9 de concertation regroupe les membres du comit\u00e9 directeur, mais \u00e9galement d&rsquo;autres partenaires . Il a pour r\u00f4le de faire ressortir les besoins du milieu en mati\u00e8re de d\u00e9veloppement min\u00e9ral responsable et de proposer des solutions que la TRCM est en mesure de mettre en place pour aider les intervenants r\u00e9gionaux.<\/p>\n<p><strong>Membres invit\u00e9s au comit\u00e9 de concertation:<\/strong><\/p>\n<ul>\n<li><a href=\"https:\/\/www.mashteuiatsh.ca\/\" target=\"_blank\" rel=\"noopener\">Premi\u00e8re Nation des Pekuakamiulnuatsh<\/a><\/li>\n<li><a href=\"https:\/\/www.innu-essipit.com\/essipit\/index.php\" target=\"_blank\" rel=\"noopener\">Premi\u00e8re Nation des Innus d&rsquo;Essipit<\/a><\/li>\n<li><a href=\"https:\/\/prospecteur-saglac.com\/\" target=\"_blank\" rel=\"noopener\">Association des prospecteurs SLSJ<\/a><\/li>\n<li><a href=\"https:\/\/www.creddsaglac.com\/\" target=\"_blank\" rel=\"noopener\">CREDD<\/a><\/li>\n<li><a href=\"https:\/\/www.quebec.ca\/gouvernement\/ministeres-organismes\/societe-plan-nord\" target=\"_blank\" rel=\"noopener\">Soci\u00e9t\u00e9 du Plan Nord<\/a><\/li>\n<li><a href=\"https:\/\/www.alliage02.ca\/evenements\/economiecirculaire\" target=\"_blank\" rel=\"noopener\">\u00c9conomie circulaire 02<\/a><\/li>\n<\/ul>\n<p>&nbsp;<\/p>\n<p>&nbsp;<\/p>\n<hr \/>\n","protected":false},"excerpt":{"rendered":"<p>La Table r\u00e9gionale de concertation mini\u00e8re (TRCM) est chapeaut\u00e9e par le Centre d\u2019\u00e9tudes sur les ressources min\u00e9rales (CERM) de l\u2019UQAC. Elle est compos\u00e9e d&rsquo;un comit\u00e9 directeur et d&rsquo;un comit\u00e9 de concertation et a des relations avec plusieurs intervenants r\u00e9gionaux, dont les intervenants en d\u00e9veloppement \u00e9conomique, en d\u00e9veloppement durable, en exploration et les communaut\u00e9s innues. L&rsquo;\u00e9quipe &hellip; <a href=\"https:\/\/cerm.uqac.ca\/trcm\/gouvernance\/\" class=\"more-link\">Continuer la lecture de <span class=\"screen-reader-text\">Gouvernance<\/span>  <span class=\"meta-nav\">&rarr;<\/span><\/a><\/p>\n","protected":false},"author":8,"featured_media":0,"parent":0,"menu_order":0,"comment_status":"closed","ping_status":"closed","template":"","meta":{"footnotes":""},"_links":{"self":[{"href":"https:\/\/cerm.uqac.ca\/trcm\/wp-json\/wp\/v2\/pages\/53"}],"collection":[{"href":"https:\/\/cerm.uqac.ca\/trcm\/wp-json\/wp\/v2\/pages"}],"about":[{"href":"https:\/\/cerm.uqac.ca\/trcm\/wp-json\/wp\/v2\/types\/page"}],"author":[{"embeddable":true,"href":"https:\/\/cerm.uqac.ca\/trcm\/wp-json\/wp\/v2\/users\/8"}],"replies":[{"embeddable":true,"href":"https:\/\/cerm.uqac.ca\/trcm\/wp-json\/wp\/v2\/comments?post=53"}],"version-history":[{"count":57,"href":"https:\/\/cerm.uqac.ca\/trcm\/wp-json\/wp\/v2\/pages\/53\/revisions"}],"predecessor-version":[{"id":954,"href":"https:\/\/cerm.uqac.ca\/trcm\/wp-json\/wp\/v2\/pages\/53\/revisions\/954"}],"wp:attachment":[{"href":"https:\/\/cerm.uqac.ca\/trcm\/wp-json\/wp\/v2\/media?parent=53"}],"curies":[{"name":"wp","href":"https:\/\/api.w.org\/{rel}","templated":true}]}}