{"id":60,"date":"2019-09-19T13:54:44","date_gmt":"2019-09-19T17:54:44","guid":{"rendered":"http:\/\/cerm.uqac.ca\/trcm\/?page_id=60"},"modified":"2019-10-16T15:29:52","modified_gmt":"2019-10-16T19:29:52","slug":"pac3g","status":"publish","type":"page","link":"https:\/\/cerm.uqac.ca\/trcm\/pac3g\/","title":{"rendered":"PAC3G"},"content":{"rendered":"<h1 class=\"separateur_bleu\" style=\"text-align: justify\">Projet d&rsquo;acquisition de connaissances sur les granites, les g\u00eetes et la g\u00e9ochimie.<\/h1>\n<hr \/>\n<div class=\"texte_bleu\" style=\"text-align: justify\">La r\u00e9gion d&rsquo;\u00e9tude constitue la premi\u00e8re phase d&rsquo;un projet d&rsquo;acquisition de connaissances au Saguenay-Lac-Saint-Jean. Elle est situ\u00e9e dans le secteur sud-ouest du Lac-Saint-Jean, et fait partie de la Province g\u00e9ologique du Grenville central. L&rsquo;\u00e9tude portera, en particulier, sur la g\u00e9ochimie des suites intrusives felsiques qui dominent ce secteur. La r\u00e9interpr\u00e9tation de la g\u00e9ologie sur ces feuillets nous permettra de mieux comprendre la s\u00e9quence de la mise en place de ces phases intrusives et leurs relations.<\/div>\n<div style=\"text-align: justify\"><\/div>\n<div style=\"text-align: justify\">\n<hr \/>\n<\/div>\n<div style=\"text-align: justify\">\n<h1 class=\"separateur_bleu\">\u00a0Pr\u00e9sentations r\u00e9alis\u00e9es lors de Qu\u00e9bec Mines<\/h1>\n<hr \/>\n<div class=\"titre_poster\">\n<div class=\"bloc_dr_500\">\n<p><a class=\"accsite\" title=\"Poster 2014\" href=\"https:\/\/cerm.uqac.ca\/trcm\/wp-content\/uploads\/sites\/4\/2019\/10\/Poster_PAC3G_2014_c.pdf\" target=\"_blank\" rel=\"noopener\">&#8211; AFFICHE DE PR\u00c9SENTATION 2014<\/a><a class=\"accsite\" title=\"Poster 2013\" href=\"https:\/\/cerm.uqac.ca\/trcm\/wp-content\/uploads\/sites\/4\/2019\/10\/Poster_PAC3G_2013_c.pdf\" target=\"_blank\" rel=\"noopener\">&#8211; AFFICHE DE PR\u00c9SENTATION 2013<\/a><\/p>\n<\/div>\n<\/div>\n<\/div>\n<div style=\"text-align: justify\"><\/div>\n<div>\n<figure id=\"attachment_100\" aria-describedby=\"caption-attachment-100\" style=\"width: 315px\" class=\"wp-caption alignright\"><img loading=\"lazy\" decoding=\"async\" class=\"wp-image-100 size-full\" src=\"https:\/\/cerm.uqac.ca\/trcm\/wp-content\/uploads\/sites\/4\/2019\/09\/loc_zone_etude.png\" alt=\"\" width=\"315\" height=\"492\" srcset=\"https:\/\/cerm.uqac.ca\/trcm\/wp-content\/uploads\/sites\/4\/2019\/09\/loc_zone_etude.png 315w, https:\/\/cerm.uqac.ca\/trcm\/wp-content\/uploads\/sites\/4\/2019\/09\/loc_zone_etude-192x300.png 192w\" sizes=\"(max-width: 315px) 100vw, 315px\" \/><figcaption id=\"caption-attachment-100\" class=\"wp-caption-text\">Carte de localisation de la zone d&rsquo;\u00e9tude<\/figcaption><\/figure>\n<\/div>\n","protected":false},"excerpt":{"rendered":"<p>Projet d&rsquo;acquisition de connaissances sur les granites, les g\u00eetes et la g\u00e9ochimie. La r\u00e9gion d&rsquo;\u00e9tude constitue la premi\u00e8re phase d&rsquo;un projet d&rsquo;acquisition de connaissances au Saguenay-Lac-Saint-Jean. Elle est situ\u00e9e dans le secteur sud-ouest du Lac-Saint-Jean, et fait partie de la Province g\u00e9ologique du Grenville central. L&rsquo;\u00e9tude portera, en particulier, sur la g\u00e9ochimie des suites intrusives &hellip; <a href=\"https:\/\/cerm.uqac.ca\/trcm\/pac3g\/\" class=\"more-link\">Continuer la lecture de <span class=\"screen-reader-text\">PAC3G<\/span>  <span class=\"meta-nav\">&rarr;<\/span><\/a><\/p>\n","protected":false},"author":8,"featured_media":0,"parent":0,"menu_order":0,"comment_status":"closed","ping_status":"closed","template":"","meta":{"footnotes":""},"_links":{"self":[{"href":"https:\/\/cerm.uqac.ca\/trcm\/wp-json\/wp\/v2\/pages\/60"}],"collection":[{"href":"https:\/\/cerm.uqac.ca\/trcm\/wp-json\/wp\/v2\/pages"}],"about":[{"href":"https:\/\/cerm.uqac.ca\/trcm\/wp-json\/wp\/v2\/types\/page"}],"author":[{"embeddable":true,"href":"https:\/\/cerm.uqac.ca\/trcm\/wp-json\/wp\/v2\/users\/8"}],"replies":[{"embeddable":true,"href":"https:\/\/cerm.uqac.ca\/trcm\/wp-json\/wp\/v2\/comments?post=60"}],"version-history":[{"count":6,"href":"https:\/\/cerm.uqac.ca\/trcm\/wp-json\/wp\/v2\/pages\/60\/revisions"}],"predecessor-version":[{"id":272,"href":"https:\/\/cerm.uqac.ca\/trcm\/wp-json\/wp\/v2\/pages\/60\/revisions\/272"}],"wp:attachment":[{"href":"https:\/\/cerm.uqac.ca\/trcm\/wp-json\/wp\/v2\/media?parent=60"}],"curies":[{"name":"wp","href":"https:\/\/api.w.org\/{rel}","templated":true}]}}