{"id":632,"date":"2022-10-10T16:55:16","date_gmt":"2022-10-10T20:55:16","guid":{"rendered":"https:\/\/cerm.uqac.ca\/trcm\/?page_id=632"},"modified":"2022-10-10T17:03:15","modified_gmt":"2022-10-10T21:03:15","slug":"synthese-geometallurgique","status":"publish","type":"page","link":"https:\/\/cerm.uqac.ca\/trcm\/synthese-geometallurgique\/","title":{"rendered":"Fiches Synth\u00e8se g\u00e9om\u00e9tallurgique"},"content":{"rendered":"<p>Le principe de la g\u00e9om\u00e9tallurgie, en bref<\/p>\n<p>Les \u00e9tudes g\u00e9ometallurgiques ont pour but de d\u00e9terminer comment les propri\u00e9t\u00e9s g\u00e9ologiques d\u2019une roche impacteront les op\u00e9rations mini\u00e8res futures tels que le broyage, l\u2019extraction des m\u00e9taux ou la gestion des r\u00e9sidus miniers. L\u2019evaluation de la qualit\u00e9 g\u00e9om\u00e9tallurgique d\u2019un indice est essentiel afin de prioriser les travaux sur les indices les plus prometteurs et d\u2019optimiser l\u2019acquisition de donn\u00e9es lors des futurs travaux de forages.<br \/>\nL\u2019\u00e9tude g\u00e9om\u00e9tallurgique d\u2019un indice permet de conna\u00eetre quels min\u00e9raux contiennent les m\u00e9taux et d\u2019identifier les probl\u00e8mes m\u00e9tallurgiques et environnementaux \u00e9ventuels qui devront \u00eatre adress\u00e9s lors des \u00e9tapes subs\u00e9quentes de d\u00e9veloppement.<\/p>\n<p>Fiches synth\u00e8se g\u00e9om\u00e9tallurgique<\/p>\n<ul>\n<li><a href=\"https:\/\/cerm.uqac.ca\/trcm\/wp-content\/uploads\/sites\/4\/2022\/10\/Fiche_geometallurgie_Lac-Cure_2022.pdf\" target=\"_blank\" rel=\"noopener\">Indice du Lac Cur\u00e9 (Ni-Cu-Co)<\/a><\/li>\n<\/ul>\n<p>&nbsp;<\/p>\n<p>&nbsp;<\/p>\n","protected":false},"excerpt":{"rendered":"<p>Le principe de la g\u00e9om\u00e9tallurgie, en bref Les \u00e9tudes g\u00e9ometallurgiques ont pour but de d\u00e9terminer comment les propri\u00e9t\u00e9s g\u00e9ologiques d\u2019une roche impacteront les op\u00e9rations mini\u00e8res futures tels que le broyage, l\u2019extraction des m\u00e9taux ou la gestion des r\u00e9sidus miniers. L\u2019evaluation de la qualit\u00e9 g\u00e9om\u00e9tallurgique d\u2019un indice est essentiel afin de prioriser les travaux sur les &hellip; <a href=\"https:\/\/cerm.uqac.ca\/trcm\/synthese-geometallurgique\/\" class=\"more-link\">Continuer la lecture de <span class=\"screen-reader-text\">Fiches Synth\u00e8se g\u00e9om\u00e9tallurgique<\/span>  <span class=\"meta-nav\">&rarr;<\/span><\/a><\/p>\n","protected":false},"author":3,"featured_media":0,"parent":0,"menu_order":0,"comment_status":"closed","ping_status":"closed","template":"","meta":{"footnotes":""},"_links":{"self":[{"href":"https:\/\/cerm.uqac.ca\/trcm\/wp-json\/wp\/v2\/pages\/632"}],"collection":[{"href":"https:\/\/cerm.uqac.ca\/trcm\/wp-json\/wp\/v2\/pages"}],"about":[{"href":"https:\/\/cerm.uqac.ca\/trcm\/wp-json\/wp\/v2\/types\/page"}],"author":[{"embeddable":true,"href":"https:\/\/cerm.uqac.ca\/trcm\/wp-json\/wp\/v2\/users\/3"}],"replies":[{"embeddable":true,"href":"https:\/\/cerm.uqac.ca\/trcm\/wp-json\/wp\/v2\/comments?post=632"}],"version-history":[{"count":4,"href":"https:\/\/cerm.uqac.ca\/trcm\/wp-json\/wp\/v2\/pages\/632\/revisions"}],"predecessor-version":[{"id":638,"href":"https:\/\/cerm.uqac.ca\/trcm\/wp-json\/wp\/v2\/pages\/632\/revisions\/638"}],"wp:attachment":[{"href":"https:\/\/cerm.uqac.ca\/trcm\/wp-json\/wp\/v2\/media?parent=632"}],"curies":[{"name":"wp","href":"https:\/\/api.w.org\/{rel}","templated":true}]}}