{"id":667,"date":"2022-12-09T16:41:31","date_gmt":"2022-12-09T21:41:31","guid":{"rendered":"https:\/\/cerm.uqac.ca\/trcm\/?page_id=667"},"modified":"2026-01-21T15:16:33","modified_gmt":"2026-01-21T20:16:33","slug":"economie-circulaire","status":"publish","type":"page","link":"https:\/\/cerm.uqac.ca\/trcm\/economie-circulaire\/","title":{"rendered":"\u00c9conomie circulaire"},"content":{"rendered":"<p><img loading=\"lazy\" decoding=\"async\" class=\"alignnone size-full wp-image-668\" src=\"https:\/\/cerm.uqac.ca\/trcm\/wp-content\/uploads\/sites\/4\/2022\/12\/Image1.png\" alt=\"\" width=\"412\" height=\"137\" srcset=\"https:\/\/cerm.uqac.ca\/trcm\/wp-content\/uploads\/sites\/4\/2022\/12\/Image1.png 412w, https:\/\/cerm.uqac.ca\/trcm\/wp-content\/uploads\/sites\/4\/2022\/12\/Image1-300x100.png 300w\" sizes=\"(max-width: 412px) 100vw, 412px\" \/><\/p>\n<p>Si vous avez des r\u00e9sidus miniers ou autres substances min\u00e9rales que vous souhaitez\u00a0 valoriser,\u00a0 \u00c9conomie circulaire SLSJ peut vous aider \u00e0 les faire conna\u00eetre \u00e0 d&rsquo;autres entreprises.<\/p>\n<p><a href=\"https:\/\/synergiequebec.ca\/symbioses\/economie-circulaire-saguenay-lac-saint-jean\/\" target=\"_blank\" rel=\"noopener\">En savoir plus\u00a0<\/a><\/p>\n","protected":false},"excerpt":{"rendered":"<p>Si vous avez des r\u00e9sidus miniers ou autres substances min\u00e9rales que vous souhaitez\u00a0 valoriser,\u00a0 \u00c9conomie circulaire SLSJ peut vous aider \u00e0 les faire conna\u00eetre \u00e0 d&rsquo;autres entreprises. En savoir plus\u00a0<\/p>\n","protected":false},"author":3,"featured_media":0,"parent":0,"menu_order":0,"comment_status":"closed","ping_status":"closed","template":"","meta":{"footnotes":""},"_links":{"self":[{"href":"https:\/\/cerm.uqac.ca\/trcm\/wp-json\/wp\/v2\/pages\/667"}],"collection":[{"href":"https:\/\/cerm.uqac.ca\/trcm\/wp-json\/wp\/v2\/pages"}],"about":[{"href":"https:\/\/cerm.uqac.ca\/trcm\/wp-json\/wp\/v2\/types\/page"}],"author":[{"embeddable":true,"href":"https:\/\/cerm.uqac.ca\/trcm\/wp-json\/wp\/v2\/users\/3"}],"replies":[{"embeddable":true,"href":"https:\/\/cerm.uqac.ca\/trcm\/wp-json\/wp\/v2\/comments?post=667"}],"version-history":[{"count":3,"href":"https:\/\/cerm.uqac.ca\/trcm\/wp-json\/wp\/v2\/pages\/667\/revisions"}],"predecessor-version":[{"id":930,"href":"https:\/\/cerm.uqac.ca\/trcm\/wp-json\/wp\/v2\/pages\/667\/revisions\/930"}],"wp:attachment":[{"href":"https:\/\/cerm.uqac.ca\/trcm\/wp-json\/wp\/v2\/media?parent=667"}],"curies":[{"name":"wp","href":"https:\/\/api.w.org\/{rel}","templated":true}]}}