{"id":68,"date":"2019-09-19T13:58:46","date_gmt":"2019-09-19T17:58:46","guid":{"rendered":"http:\/\/cerm.uqac.ca\/trcm\/?page_id=68"},"modified":"2026-01-21T15:49:18","modified_gmt":"2026-01-21T20:49:18","slug":"presentation-de-loutil","status":"publish","type":"page","link":"https:\/\/cerm.uqac.ca\/trcm\/presentation-de-loutil\/","title":{"rendered":"Pr\u00e9sentation de l&rsquo;outil"},"content":{"rendered":"<div class=\"texte_bleu\" style=\"text-align: justify\">\n<hr \/>\n<p>La carte routi\u00e8re min\u00e9rale du Saguenay-Lac-Saint-Jean (CRM) est une repr\u00e9sentation des diff\u00e9rentes composantes du secteur min\u00e9ral, tant au niveau du territoire que de son r\u00e9seau d&rsquo;intervenants. Il s&rsquo;agit d&rsquo;un outil permettant de contribuer au d\u00e9veloppement min\u00e9ral responsable de la r\u00e9gion du Saguenay-Lac-St-Jean.<\/p>\n<\/div>\n<p><a href=\"https:\/\/cerm.uqac.ca\/trcm\/wp-content\/uploads\/sites\/4\/2019\/11\/Sch\u00e9ma-carte-routi\u00e8re-min\u00e9rale.png\"><img loading=\"lazy\" decoding=\"async\" class=\"alignnone size-full wp-image-355\" src=\"https:\/\/cerm.uqac.ca\/trcm\/wp-content\/uploads\/sites\/4\/2019\/11\/Sch\u00e9ma-carte-routi\u00e8re-min\u00e9rale.png\" alt=\"\" width=\"2200\" height=\"1725\" srcset=\"https:\/\/cerm.uqac.ca\/trcm\/wp-content\/uploads\/sites\/4\/2019\/11\/Sch\u00e9ma-carte-routi\u00e8re-min\u00e9rale.png 2200w, https:\/\/cerm.uqac.ca\/trcm\/wp-content\/uploads\/sites\/4\/2019\/11\/Sch\u00e9ma-carte-routi\u00e8re-min\u00e9rale-300x235.png 300w, https:\/\/cerm.uqac.ca\/trcm\/wp-content\/uploads\/sites\/4\/2019\/11\/Sch\u00e9ma-carte-routi\u00e8re-min\u00e9rale-768x602.png 768w, https:\/\/cerm.uqac.ca\/trcm\/wp-content\/uploads\/sites\/4\/2019\/11\/Sch\u00e9ma-carte-routi\u00e8re-min\u00e9rale-1024x803.png 1024w\" sizes=\"(max-width: 2200px) 100vw, 2200px\" \/><\/a><\/p>\n<div class=\"texte_bleu\" style=\"text-align: justify\">\n<p>La CRM comporte deux principales composantes, soit une carte interactive et des fiches d&rsquo;information min\u00e9rale. La carte interactive permet de visualiser, d&rsquo;une part, les \u00e9l\u00e9ments du territoire propre au secteur min\u00e9ral tel que la g\u00e9ologie et les principales occurrences min\u00e9rales (g\u00eetes et indices), les projets actifs, les nouveaux projets d&rsquo;exploration et les infrastructures du territoire (routes, chemins forestier, ligne de transport d&rsquo;\u00e9nergie, etc.). D&rsquo;autre part, la CRM pr\u00e9sente l&rsquo;\u00e9ventail des principaux intervenants \u0153uvrant ou pouvant \u00eatre associ\u00e9s au secteur min\u00e9ral tels que les \u00e9quipementiers, les consultants, les groupes de recherche et les \u00e9tablissements d&rsquo;enseignement.<\/p>\n<p>Les diff\u00e9rentes couches th\u00e9matiques permettent les requ\u00eates et l&rsquo;affichage d&rsquo;information sp\u00e9cifique et de liens externes. En cliquant sur une couche telles que les substances min\u00e9rales ou encore les infrastructures de transport, des fen\u00eatres contextuelles apparaissent et donnent acc\u00e8s \u00e0 des informations suppl\u00e9mentaires notamment des liens web et des documents PDF t\u00e9l\u00e9chargeables. Il est \u00e9galement possible d&rsquo;effectuer des requ\u00eates ou recherches par le biais de mots cl\u00e9s pour retrouver une information plus sp\u00e9cifique. Par exemple, on peut localiser une entreprise en particulier ou faire afficher sur la carte seulement les entreprises \u0153uvrant dans le domaine de la prospection et de l&rsquo;exploration.<\/p>\n<p>Les fiches d&rsquo;information min\u00e9rale sont des documents synth\u00e8ses qui pr\u00e9sentent d&rsquo;une mani\u00e8re accessible les propri\u00e9t\u00e9s physiques et le contexte de formation des diff\u00e9rentes substances min\u00e9rales qui sont en production ou en d\u00e9veloppement au Saguenay-Lac-St-Jean. Elles mettent \u00e9galement en relief l&rsquo;usage de ces substances min\u00e9rales, les statistiques mondiales de production et de consommation ainsi que leurs potentiels de d\u00e9veloppement au Saguenay-Lac-St-Jean.<\/p>\n<p><strong>Ces informations , sans \u00eatre exhaustives, offre un portrait g\u00e9n\u00e9ral de la situation de plusieurs substances min\u00e9rales afin de favoriser l&rsquo;\u00e9mergence d&rsquo;opportunit\u00e9s, voire de projets de d\u00e9veloppement au Saguenay-Lac-St-Jean.<\/strong><\/p>\n<p>Bref, la CRM est une carte de visite de la r\u00e9gion dont le principal objectif consiste \u00e0 contribuer au d\u00e9veloppement min\u00e9ral\u00a0 responsable du Saguenay-Lac-Saint-Jean.<\/p>\n<\/div>\n<hr \/>\n<h1 style=\"text-align: justify\"><span class=\"tex_titre_ja_2\">R\u00e9alisation<\/span><\/h1>\n<hr \/>\n<div class=\"texte_bleu\" style=\"text-align: justify\">\n<p>La CRM r\u00e9sulte d&rsquo;un projet initi\u00e9 par la Table r\u00e9gionale de concertation mini\u00e8re du Saguenay-Lac-Saint-Jean (TRCM) associ\u00e9e au volet r\u00e9gional de CONSOREM. La TRCM a vu le jour en 2012 dans le cadre d&rsquo;une entente sp\u00e9cifique r\u00e9gionale sign\u00e9e entre le gouvernement provincial, la Conf\u00e9rence r\u00e9gionale des \u00c9lus du SLSJ (CR\u00c9-SLSJ), le Consortium de recherche en exploration min\u00e9rale (CONSOREM) et l&rsquo;Universit\u00e9 du Qu\u00e9bec \u00e0 Chicoutimi (UQAC). La phase 1 de ce projet a \u00e9t\u00e9 financ\u00e9e par la CR\u00c9-SLSJ en 2015 dans le cadre d&rsquo;un projet sp\u00e9cifique.<\/p>\n<p>Cet outil cartographique interactif int\u00e8gre un ensemble d&rsquo;informations du domaine public. Il se peut que certaines informations soient manquantes ou erron\u00e9es et les utilisateurs sont toujours r\u00e9f\u00e9r\u00e9s aux sources de donn\u00e9es officielles cit\u00e9es plus bas.<\/p>\n<p>Bien qu&rsquo;un soin raisonnable ait \u00e9t\u00e9 pris afin de s&rsquo;assurer de l&rsquo;exactitude du mat\u00e9riel contenu dans la pr\u00e9sente carte routi\u00e8re min\u00e9rale, le Table R\u00e9gionale de Concertation Mini\u00e8re du SLSJ (TRCM) ne peut \u00eatre tenu responsable de toute perte ou dommage occasionn\u00e9 par l&rsquo;utilisation de la pr\u00e9sente carte routi\u00e8re min\u00e9rale.<\/p>\n<p>Nous vous invitons \u00e0 nous faire part de vos commentaires visant \u00e0 ajouter ou corriger certains \u00e9l\u00e9ments de la carte afin que nous puissions am\u00e9liorer l&rsquo;outil.<\/p>\n<\/div>\n<hr \/>\n<h1 style=\"text-align: justify\"><span class=\"tex_titre_ja_2\">Sources des donn\u00e9es cartographiques<\/span><\/h1>\n<hr \/>\n<div class=\"texte_bleu\">\n<ol class=\"struc\">\n<li class=\"strucall\" style=\"text-align: justify\">Ressource Naturelles Canada, G\u00e9ogratis, Carte topographique Canvec (2014)<\/li>\n<li class=\"strucall\" style=\"text-align: justify\">(2) Minist\u00e8re de l\u2019\u00c9nergie et des Ressources naturelles (2010)\u00a0: Base de donn\u00e9es g\u00e9ographiques et administratives \u00e0 l\u2019\u00e9chelle 1\/1 000\u00a0000 et Gestion des titres miniers (GESTIM) (2015).<\/li>\n<li class=\"strucall\" style=\"text-align: justify\">Conf\u00e9rence r\u00e9gionale des \u00e9lus du Saguenay-Lac-St-Jean (2015). Couches d\u2019informations (affectations du territoire, limites du territoire Nistassinan, gazoduc) extraites de la base de donn\u00e9es VHR-SLSJ.<\/li>\n<li class=\"strucall\" style=\"text-align: justify\">Consortium de recherche en exploration min\u00e9rale (CONSOREM) pour la carte g\u00e9ologique (2010), une partie du r\u00e9seau des lignes de transport hydro\u00e9lectrique (2015) et les couches des intervenants (2015).<\/li>\n<li class=\"strucall\" style=\"text-align: justify\">Bottin Saguenay-Lac-St-Jean, r\u00e9pertoire des entreprises en format .PDF, Centre local de d\u00e9veloppement Lac-Saint-Jean Est (2015), consult\u00e9 en ligne\u00a0<a href=\"http:\/\/cldlac.com\/repertoire-des-entreprises\">http:\/\/cldlac.com\/repertoire-des-entreprises<\/a><\/li>\n<li class=\"strucall\" style=\"text-align: justify\">Syst\u00e8me d\u2019information g\u00e9omini\u00e8re du Qu\u00e9bec (SIG\u00c9OM) pour la carte des donn\u00e9es interrogeables via l\u2019URL :\u00a0<a href=\"http:\/\/sigeom.mrn.gouv.qc.ca\/SIGEOM_WMS\/Request.aspx?\">http:\/\/sigeom.mrn.gouv.qc.ca\/SIGEOM_WMS\/Request.aspx?<\/a><\/li>\n<\/ol>\n<\/div>\n","protected":false},"excerpt":{"rendered":"<p>La carte routi\u00e8re min\u00e9rale du Saguenay-Lac-Saint-Jean (CRM) est une repr\u00e9sentation des diff\u00e9rentes composantes du secteur min\u00e9ral, tant au niveau du territoire que de son r\u00e9seau d&rsquo;intervenants. Il s&rsquo;agit d&rsquo;un outil permettant de contribuer au d\u00e9veloppement min\u00e9ral responsable de la r\u00e9gion du Saguenay-Lac-St-Jean. La CRM comporte deux principales composantes, soit une carte interactive et des fiches &hellip; <a href=\"https:\/\/cerm.uqac.ca\/trcm\/presentation-de-loutil\/\" class=\"more-link\">Continuer la lecture de <span class=\"screen-reader-text\">Pr\u00e9sentation de l&rsquo;outil<\/span>  <span class=\"meta-nav\">&rarr;<\/span><\/a><\/p>\n","protected":false},"author":8,"featured_media":0,"parent":0,"menu_order":0,"comment_status":"closed","ping_status":"closed","template":"","meta":{"footnotes":""},"_links":{"self":[{"href":"https:\/\/cerm.uqac.ca\/trcm\/wp-json\/wp\/v2\/pages\/68"}],"collection":[{"href":"https:\/\/cerm.uqac.ca\/trcm\/wp-json\/wp\/v2\/pages"}],"about":[{"href":"https:\/\/cerm.uqac.ca\/trcm\/wp-json\/wp\/v2\/types\/page"}],"author":[{"embeddable":true,"href":"https:\/\/cerm.uqac.ca\/trcm\/wp-json\/wp\/v2\/users\/8"}],"replies":[{"embeddable":true,"href":"https:\/\/cerm.uqac.ca\/trcm\/wp-json\/wp\/v2\/comments?post=68"}],"version-history":[{"count":11,"href":"https:\/\/cerm.uqac.ca\/trcm\/wp-json\/wp\/v2\/pages\/68\/revisions"}],"predecessor-version":[{"id":946,"href":"https:\/\/cerm.uqac.ca\/trcm\/wp-json\/wp\/v2\/pages\/68\/revisions\/946"}],"wp:attachment":[{"href":"https:\/\/cerm.uqac.ca\/trcm\/wp-json\/wp\/v2\/media?parent=68"}],"curies":[{"name":"wp","href":"https:\/\/api.w.org\/{rel}","templated":true}]}}