{"id":7,"date":"2019-08-07T11:50:49","date_gmt":"2019-08-07T15:50:49","guid":{"rendered":"http:\/\/cerm.uqac.ca\/gabarit\/?page_id=7"},"modified":"2024-06-05T14:12:58","modified_gmt":"2024-06-05T18:12:58","slug":"accueil","status":"publish","type":"page","link":"https:\/\/cerm.uqac.ca\/trcm\/","title":{"rendered":"Accueil"},"content":{"rendered":"<h1>Pr\u00e9sentation de la TRCM<\/h1>\n<hr \/>\n<p style=\"text-align: justify\">La Table r\u00e9gionale de concertation mini\u00e8re (TRCM) vise \u00e0 doter la r\u00e9gion du Saguenay-Lac-Saint-Jean (SLSJ) d\u2019une strat\u00e9gie de d\u00e9veloppement min\u00e9ral responsable. Elle est chapeaut\u00e9e par le Centre d\u2019\u00e9tudes sur les ressources min\u00e9rales (CERM) de l\u2019Universit\u00e9 du Qu\u00e9bec \u00e0 Chicoutimi (UQAC). Cette initiative est soutenue financi\u00e8rement par une entente sectorielle de d\u00e9veloppement 2023-2027 sur la valorisation du potentiel min\u00e9ral r\u00e9gional pour la fili\u00e8re batterie et d&rsquo;autres fili\u00e8res de min\u00e9raux critiques et strat\u00e9giques (MCS).\u00a0Les partenaires de cette entente sont le minist\u00e8re des Affaires municipales et de l&rsquo;Habitation (MAMH), le minist\u00e8re de l&rsquo;\u00c9conomie, de l&rsquo;Innovation et de l&rsquo;\u00c9nergie (MEIE), le minist\u00e8re des Ressources naturelles et de la Faune (MRNF), les quatre MRC de la r\u00e9gion, le Port de Saguenay, Promotion Saguenay, l&rsquo;Universit\u00e9 du Qu\u00e9bec \u00e0 Chicoutimi, Arianne Phosphate, Rio Tinto Fer et Titane, Rio Tinto Aluminium, Niobec, Les M\u00e9taux NioBay, SOQUEM et Magnor Exploration.<\/p>\n<p style=\"text-align: justify\">En 2022-2023, la TRCM a r\u00e9alis\u00e9 le projet de Structuration de la fili\u00e8re des min\u00e9raux critiques et strat\u00e9giques au Saguenay &#8211; Lac-Saint-Jean avec un financement provenant du programme d&rsquo;appui au d\u00e9veloppement des secteurs strat\u00e9giques et des cr\u00e9neaux d&rsquo;excellence (PADS) du minist\u00e8re de l&rsquo;\u00c9conomie et de l&rsquo;Innovation, les quatre MRC de la r\u00e9gion, le Port de Saguenay, Promotion Saguenay, l&rsquo;Universit\u00e9 du Qu\u00e9bec \u00e0 Chicoutimi, Arianne Phosphate, Rio Tinto Fer et Titane, Rio Tinto Aluminium, Niobec, Les M\u00e9taux NioBay, et Magnor Exploration.<\/p>\n<p style=\"text-align: justify\">En 2021-2022, le projet Valorisation g\u00e9om\u00e9tallurgique des min\u00e9raux critiques et strat\u00e9giques du Saguenay &#8211; Lac-Saint-Jean a \u00e9t\u00e9 compl\u00e9t\u00e9 avec un financement du Soutien au rayonnement des r\u00e9gions du Fonds r\u00e9gions ruralit\u00e9 (FRR) du MAMH et du Consortium de recherche en exploration min\u00e9rale (CONSOREM).<\/p>\n<p style=\"text-align: justify\">La TRCM a \u00e9galement r\u00e9alis\u00e9 des activit\u00e9s de soutien aux acteurs r\u00e9gionaux, de valorisation du potentiel min\u00e9ral et d&rsquo;acquisition des connaissances de 2018 \u00e0 2021 avec un appui financier du Fonds d&rsquo;appui au rayonnement des r\u00e9gions (FARR) du Minist\u00e8re des Affaires municipales, et de l\u2019habitation (MAMH).<\/p>\n<p style=\"text-align: justify\">La TRCM a \u00e9galement \u00e9t\u00e9 active de 2012 \u00e0 2017 sous l&rsquo;\u00e9gide de la CR\u00c9-SLSJ, dont plusieurs projets et r\u00e9alisations ont d\u00e9coul\u00e9 de ses activit\u00e9s, tels que la carte routi\u00e8re min\u00e9rale du SLSJ, les projets d&rsquo;acquisition de connaissances et le soutien aux prospecteurs.<\/p>\n","protected":false},"excerpt":{"rendered":"<p>Pr\u00e9sentation de la TRCM La Table r\u00e9gionale de concertation mini\u00e8re (TRCM) vise \u00e0 doter la r\u00e9gion du Saguenay-Lac-Saint-Jean (SLSJ) d\u2019une strat\u00e9gie de d\u00e9veloppement min\u00e9ral responsable. Elle est chapeaut\u00e9e par le Centre d\u2019\u00e9tudes sur les ressources min\u00e9rales (CERM) de l\u2019Universit\u00e9 du Qu\u00e9bec \u00e0 Chicoutimi (UQAC). Cette initiative est soutenue financi\u00e8rement par une entente sectorielle de d\u00e9veloppement &hellip; <a href=\"https:\/\/cerm.uqac.ca\/trcm\/\" class=\"more-link\">Continuer la lecture de <span class=\"screen-reader-text\">Accueil<\/span>  <span class=\"meta-nav\">&rarr;<\/span><\/a><\/p>\n","protected":false},"author":5,"featured_media":430,"parent":0,"menu_order":0,"comment_status":"closed","ping_status":"closed","template":"","meta":{"footnotes":""},"_links":{"self":[{"href":"https:\/\/cerm.uqac.ca\/trcm\/wp-json\/wp\/v2\/pages\/7"}],"collection":[{"href":"https:\/\/cerm.uqac.ca\/trcm\/wp-json\/wp\/v2\/pages"}],"about":[{"href":"https:\/\/cerm.uqac.ca\/trcm\/wp-json\/wp\/v2\/types\/page"}],"author":[{"embeddable":true,"href":"https:\/\/cerm.uqac.ca\/trcm\/wp-json\/wp\/v2\/users\/5"}],"replies":[{"embeddable":true,"href":"https:\/\/cerm.uqac.ca\/trcm\/wp-json\/wp\/v2\/comments?post=7"}],"version-history":[{"count":43,"href":"https:\/\/cerm.uqac.ca\/trcm\/wp-json\/wp\/v2\/pages\/7\/revisions"}],"predecessor-version":[{"id":855,"href":"https:\/\/cerm.uqac.ca\/trcm\/wp-json\/wp\/v2\/pages\/7\/revisions\/855"}],"wp:featuredmedia":[{"embeddable":true,"href":"https:\/\/cerm.uqac.ca\/trcm\/wp-json\/wp\/v2\/media\/430"}],"wp:attachment":[{"href":"https:\/\/cerm.uqac.ca\/trcm\/wp-json\/wp\/v2\/media?parent=7"}],"curies":[{"name":"wp","href":"https:\/\/api.w.org\/{rel}","templated":true}]}}