{"id":70,"date":"2019-09-19T13:58:46","date_gmt":"2019-09-19T17:58:46","guid":{"rendered":"http:\/\/cerm.uqac.ca\/trcm\/?page_id=70"},"modified":"2026-01-21T15:33:21","modified_gmt":"2026-01-21T20:33:21","slug":"ressources-documentaires","status":"publish","type":"page","link":"https:\/\/cerm.uqac.ca\/trcm\/ressources-documentaires\/","title":{"rendered":"Liens utiles"},"content":{"rendered":"<div class=\"texte_bleu\">\n<p><span style=\"font-size: 26px;font-weight: bold\">Information g\u00e9ologique<\/span><\/p>\n<\/div>\n<hr \/>\n<div class=\"texte_bleu\">\n<ul class=\"struc\">\n<li class=\"strucall\"><a href=\"http:\/\/sigeom.mrn.gouv.qc.ca\/signet\/classes\/I1102_indexAccueil?l=f\" target=\"_blank\" rel=\"noopener\">SIG\u00c9OM<\/a><\/li>\n<li class=\"strucall\"><a href=\"https:\/\/gestim.mines.gouv.qc.ca\/MRN_GestimP_Presentation\/ODM02101_login.aspx\" target=\"_blank\" rel=\"noopener\">GESTIM<\/a><\/li>\n<li class=\"strucall\"><a href=\"http:\/\/paces.uqac.ca\/\" target=\"_blank\" rel=\"noopener\">PACES<\/a><\/li>\n<li class=\"strucall\"><a href=\"http:\/\/crm-slsj.ca\/documents\/Portrait%20de%20la%20ressource%20min%C3%A9rale%20SLSJ.pdf\" target=\"_blank\" rel=\"noopener\">Rapport : Portrait sur la ressource min\u00e9rale du SLSJ (2011)<\/a><\/li>\n<li><a href=\"http:\/\/minerals.usgs.gov\/minerals\/\" target=\"_blank\" rel=\"noopener\">USGS<\/a><\/li>\n<\/ul>\n<\/div>\n<hr \/>\n<h1 class=\"separateur_bleu\">D\u00e9veloppement durable<\/h1>\n<hr \/>\n<div class=\"texte_bleu\">\n<ul class=\"struc\">\n<li class=\"strucall\"><a href=\"http:\/\/ecoconseil.uqac.ca\/outil-de-gestion-des-mr\/\" target=\"_blank\" rel=\"noopener\">Chaire en \u00c9coconseil de l\u2019UQAC : outil de d\u00e9veloppement durable<\/a><\/li>\n<li>Certification ECOLOGO : Site de\u00a0 l&rsquo;<a href=\"https:\/\/aemq.org\/certification-a-propos\/#\" target=\"_blank\" rel=\"noopener\">AEMQ\u00a0<\/a>&#8211; Site de\u00a0<a href=\"https:\/\/canada.ul.com\/fr\/programmesulc\/explores\/\" target=\"_blank\" rel=\"noopener\">UL<\/a>\u00a0(Compagnie responsable de la certification)<\/li>\n<li><a href=\"https:\/\/mern.gouv.qc.ca\/mines\/publications\/guides\/\" target=\"_blank\" rel=\"noopener\">Guides et cadre normatif li\u00e9s au d\u00e9veloppement minier (MERN)<\/a><\/li>\n<li class=\"strucall\"><a href=\"http:\/\/www.pdac.ca\/programs\/e3-plus\" target=\"_blank\" rel=\"noopener\">e3 Plus<\/a><\/li>\n<li><a href=\"https:\/\/www.bape.gouv.qc.ca\/fr\/dossiers\/?themes=mines#filtres-recherche\" target=\"_blank\" rel=\"noopener\">BAPE<\/a><\/li>\n<li><a href=\"http:\/\/www.cirodd.org\/fr\/index.php\" target=\"_blank\" rel=\"noopener\">Centre interdisciplinaire de recherche en op\u00e9rationnalisation du d\u00e9veloppement durable\u00a0(CIRODD)<\/a><\/li>\n<\/ul>\n<\/div>\n<hr \/>\n<h1 class=\"separateur_bleu\">Lois et r\u00e8glements<\/h1>\n<hr \/>\n<div class=\"texte_bleu\">\n<ul class=\"struc\">\n<li class=\"strucall\"><a href=\"http:\/\/legisquebec.gouv.qc.ca\/fr\/ShowDoc\/cs\/M-13.1\" target=\"_blank\" rel=\"noopener\">Loi sur les mines<\/a><\/li>\n<li class=\"strucall\"><a href=\"http:\/\/laws-lois.justice.gc.ca\/fra\/lois\/C-15.31\/\" target=\"_blank\" rel=\"noopener\">Loi canadienne sur la protection de l\u2019environnement<\/a><\/li>\n<li><a href=\"http:\/\/legisquebec.gouv.qc.ca\/fr\/showdoc\/cs\/a-19.1\" target=\"_blank\" rel=\"noopener\">Loi sur l&rsquo;Am\u00e9nagement et l&rsquo;Urbanisation<\/a><\/li>\n<li><a href=\"http:\/\/legisquebec.gouv.qc.ca\/fr\/showdoc\/cs\/Q-2\" target=\"_blank\" rel=\"noopener\">Loi sur la Qualit\u00e9 de l&rsquo;Environnement<\/a><\/li>\n<\/ul>\n<hr \/>\n<h1>Minist\u00e8res li\u00e9s au d\u00e9veloppement minier<\/h1>\n<hr \/>\n<\/div>\n<ul>\n<li><a href=\"https:\/\/www.quebec.ca\/agriculture-environnement-et-ressources-naturelles\/mines\" target=\"_blank\" rel=\"noopener\">Minist\u00e8re des Ressources Naturelles et des For\u00eats (MRNF)<\/a><\/li>\n<li><a href=\"https:\/\/www.mamh.gouv.qc.ca\/\" target=\"_blank\" rel=\"noopener\">Minist\u00e8re des Affaires Municipales et de l&rsquo;Habitation (MAMH)<\/a><\/li>\n<li><a href=\"http:\/\/www.environnement.gouv.qc.ca\/\" target=\"_blank\" rel=\"noopener\">Minist\u00e8re de l&rsquo;Environnement, de la Lutte contre les Changements Climatiques, de la Faune et des Parcs (MELCCFP)<\/a><\/li>\n<\/ul>\n<hr \/>\n<h1 class=\"separateur_bleu\">Intervenants r\u00e9gionaux<\/h1>\n<hr \/>\n<div class=\"texte_bleu\">\n<ul class=\"struc\">\n<li><a href=\"https:\/\/www.cidal.ca\/repertoire\/repertoire-des-entreprises-du-territoire\/\">R\u00e9pertoire des entreprises:\u00a0 la CIDAL<\/a><\/li>\n<li><a href=\"https:\/\/promotion.saguenay.ca\/fr\/projets-daffaires\/repertoire-des-entreprises\">R\u00e9pertoire des entreprises : Promotion Saguenay<\/a><\/li>\n<li class=\"strucall\"><a href=\"http:\/\/prospecteur-saglac.com\/\" target=\"_blank\" rel=\"noopener\">Association des prospecteurs du Saguenay-Lac-Saint-Jean (APSLSJ)<\/a><\/li>\n<li><a href=\"https:\/\/cerm.uqac.ca\/\" target=\"_blank\" rel=\"noopener\">Centre d&rsquo;\u00e9tudes sur les Ressources Min\u00e9rales (CERM)<\/a><\/li>\n<li class=\"strucall\"><a href=\"http:\/\/www.plannord.gouv.qc.ca\/fr\/\" target=\"_blank\" rel=\"noopener\">Soci\u00e9t\u00e9 du Plan-Nord<\/a><\/li>\n<li><a href=\"https:\/\/www.cim.org\/fr\/\" target=\"_blank\" rel=\"noopener\">Institut canadien des Mines, de la M\u00e9tallurgie et du P\u00e9trole (ICM) &#8211; SLS<\/a><\/li>\n<\/ul>\n<h1>Autres organismes<\/h1>\n<ul class=\"struc\">\n<li class=\"strucall\"><a href=\"http:\/\/www.aemq.org\/\" target=\"_blank\" rel=\"noopener\">Association de l&rsquo;exploration mini\u00e8re du Qu\u00e9bec (AEMQ)<\/a><\/li>\n<li><a href=\"https:\/\/www.amq-inc.com\/\" target=\"_blank\" rel=\"noopener\">Association Mini\u00e8re du Qu\u00e9bec (AMQ)<\/a><\/li>\n<li class=\"strucall\"><a href=\"http:\/\/explorelesmines.com\/\" target=\"_blank\" rel=\"noopener\">Comit\u00e9 sectoriel de main-d&rsquo;\u0153uvre de l&rsquo;industrie des Mines<\/a><\/li>\n<li class=\"strucall\"><a href=\"http:\/\/www.inmq.qc.ca\/\" target=\"_blank\" rel=\"noopener\">Institut national des Mines<\/a><\/li>\n<li class=\"strucall\"><a href=\"http:\/\/www.pdac.ca\/\" target=\"_blank\" rel=\"noopener\">Prospectors developpers Association of Canada (PDAC)<\/a><\/li>\n<li class=\"strucall\"><a href=\"http:\/\/www.stat.gouv.qc.ca\/statistiques\/mines\/index.html\" target=\"_blank\" rel=\"noopener\">Institut de la Statistique du Qu\u00e9bec\u00a0<\/a><\/li>\n<\/ul>\n<\/div>\n<hr \/>\n<h1>Actualit\u00e9s Mini\u00e8res<\/h1>\n<hr \/>\n<h1 class=\"separateur_bleu\"><a href=\"http:\/\/www.northernminer.com\/news\/canada-s-first-wollastonite-plant-under-construction-in-quebec\/1000182830\/?&amp;er=NA\" target=\"_blank\" rel=\"noopener\"><img loading=\"lazy\" decoding=\"async\" id=\"Image21\" class=\"alignnone\" src=\"http:\/\/crm-slsj.ca\/im\/logo_c_north.png\" alt=\"logo\" width=\"140\" height=\"61\" \/><\/a><a href=\"http:\/\/www.fraserinstitute.org\/fr\/default.aspx?LangType=1036\" target=\"_blank\" rel=\"noopener\"><img loading=\"lazy\" decoding=\"async\" id=\"Image18\" class=\"alignnone\" src=\"http:\/\/crm-slsj.ca\/im\/logo_c_fraser.png\" alt=\"Fraser\" width=\"140\" height=\"61\" \/><\/a><\/h1>\n<p>&nbsp;<\/p>\n<p><a href=\"http:\/\/www.marketwired.com\/?lang=fr-ca%22%20target=%22_blank\" target=\"_blank\" rel=\"noopener\"><img loading=\"lazy\" decoding=\"async\" id=\"Image19\" class=\"alignnone\" src=\"http:\/\/crm-slsj.ca\/im\/logo_c_market.png\" alt=\"logo\" width=\"140\" height=\"61\" \/><\/a><a href=\"http:\/\/www.sedar.com\/homepage_fr.htm\" target=\"_blank\" rel=\"noopener\"><img loading=\"lazy\" decoding=\"async\" id=\"Image20\" class=\"alignnone\" src=\"http:\/\/crm-slsj.ca\/im\/logo_c_sedar.png\" alt=\"logo\" width=\"140\" height=\"61\" \/><\/a><\/p>\n<p><a href=\"https:\/\/informeaffaires.com\/regional\/mines-et-ressources-naturelles\" target=\"_blank\" rel=\"noopener\"><img loading=\"lazy\" decoding=\"async\" class=\"alignnone wp-image-330 size-full\" src=\"https:\/\/cerm.uqac.ca\/trcm\/wp-content\/uploads\/sites\/4\/2019\/11\/InformeAffaires-e1572984505470.png\" alt=\"\" width=\"125\" height=\"61\" \/><\/a><\/p>\n<div class=\"texte_bleu\"><\/div>\n","protected":false},"excerpt":{"rendered":"<p>Information g\u00e9ologique SIG\u00c9OM GESTIM PACES Rapport : Portrait sur la ressource min\u00e9rale du SLSJ (2011) USGS D\u00e9veloppement durable Chaire en \u00c9coconseil de l\u2019UQAC : outil de d\u00e9veloppement durable Certification ECOLOGO : Site de\u00a0 l&rsquo;AEMQ\u00a0&#8211; Site de\u00a0UL\u00a0(Compagnie responsable de la certification) Guides et cadre normatif li\u00e9s au d\u00e9veloppement minier (MERN) e3 Plus BAPE Centre interdisciplinaire de &hellip; <a href=\"https:\/\/cerm.uqac.ca\/trcm\/ressources-documentaires\/\" class=\"more-link\">Continuer la lecture de <span class=\"screen-reader-text\">Liens utiles<\/span>  <span class=\"meta-nav\">&rarr;<\/span><\/a><\/p>\n","protected":false},"author":8,"featured_media":0,"parent":0,"menu_order":0,"comment_status":"closed","ping_status":"closed","template":"","meta":{"footnotes":""},"_links":{"self":[{"href":"https:\/\/cerm.uqac.ca\/trcm\/wp-json\/wp\/v2\/pages\/70"}],"collection":[{"href":"https:\/\/cerm.uqac.ca\/trcm\/wp-json\/wp\/v2\/pages"}],"about":[{"href":"https:\/\/cerm.uqac.ca\/trcm\/wp-json\/wp\/v2\/types\/page"}],"author":[{"embeddable":true,"href":"https:\/\/cerm.uqac.ca\/trcm\/wp-json\/wp\/v2\/users\/8"}],"replies":[{"embeddable":true,"href":"https:\/\/cerm.uqac.ca\/trcm\/wp-json\/wp\/v2\/comments?post=70"}],"version-history":[{"count":29,"href":"https:\/\/cerm.uqac.ca\/trcm\/wp-json\/wp\/v2\/pages\/70\/revisions"}],"predecessor-version":[{"id":938,"href":"https:\/\/cerm.uqac.ca\/trcm\/wp-json\/wp\/v2\/pages\/70\/revisions\/938"}],"wp:attachment":[{"href":"https:\/\/cerm.uqac.ca\/trcm\/wp-json\/wp\/v2\/media?parent=70"}],"curies":[{"name":"wp","href":"https:\/\/api.w.org\/{rel}","templated":true}]}}